{"id":7176,"date":"2025-03-07T11:10:04","date_gmt":"2025-03-07T11:10:04","guid":{"rendered":"https:\/\/sensationofafrica.com\/es\/?page_id=7176"},"modified":"2025-03-08T10:42:43","modified_gmt":"2025-03-08T10:42:43","slug":"terminos-y-condiciones","status":"publish","type":"page","link":"https:\/\/sensationofafrica.com\/es\/terminos-y-condiciones\/","title":{"rendered":"T\u00e9rminos y Condiciones"},"content":{"rendered":"<p><strong>Sensation of Africa \u2013 T\u00e9rminos de Viaje y Acuerdo con el Cliente<\/strong><\/p>\n<hr \/>\n<h3><strong>Confirmaci\u00f3n de Reserva<\/strong><\/h3>\n<p>Al enviar una solicitud de reserva, usted confirma que ha le\u00eddo estas condiciones de reserva y acepta estar sujeto a ellas.<br \/>\nSensation of Africa solo acepta solicitudes de reserva por escrito, a trav\u00e9s de correo electr\u00f3nico, tel\u00e9fono o WhatsApp.<\/p>\n<p>Una reserva se confirma una vez que Sensation of Africa ha enviado una confirmaci\u00f3n escrita por correo electr\u00f3nico (\u201cReserva\u201d), indicando que se ha recibido un dep\u00f3sito del 30% no reembolsable e intransferible.. Los pagos pueden realizarse mediante transferencia bancaria o electr\u00f3nica y por pesapal.<\/p>\n<p>Tras recibir su dep\u00f3sito, procederemos a reservar su alojamiento, excursiones y vuelos nacionales (si corresponde).<br \/>\nUna vez confirmados todos los servicios de viaje, emitiremos una factura, que tambi\u00e9n servir\u00e1 como su confirmaci\u00f3n oficial de reserva.<\/p>\n<p>Sensation of Africa se reserva el derecho de rechazar reservas a su entera discreci\u00f3n y todas las reservas est\u00e1n sujetas al cumplimiento total de estos t\u00e9rminos.<\/p>\n<hr \/>\n<h3><strong>Condiciones de Pago<\/strong><\/h3>\n<ul>\n<li>Se requiere un dep\u00f3sito del 30% del importe total de la factura dentro de los 7 d\u00edas posteriores a la fecha de emisi\u00f3n de la factura.<\/li>\n<li>El saldo restante debe pagarse a m\u00e1s tardar <strong>60 d\u00edas antes de su llegada<\/strong>.<\/li>\n<li>Para reservas realizadas dentro de los <strong>60 d\u00edas previos a la salida<\/strong>, el importe total debe pagarse de inmediato.<\/li>\n<li>Una vez recibido su pago en nuestra cuenta bancaria, le enviaremos una confirmaci\u00f3n. <strong>Todos los costos de transferencia bancaria deben ser cubiertos por el remitente<\/strong>.<\/li>\n<\/ul>\n<p><strong>Nota:<\/strong><br \/>\nSi se incumple el plazo de pago, enviaremos un recordatorio. Si no responde o no realiza el pago despu\u00e9s de este recordatorio en un plazo m\u00e1ximo de 14 d\u00edas, su viaje puede ser cancelado y se aplicar\u00e1 una tarifa de cancelaci\u00f3n del 30% del precio total.<\/p>\n<hr \/>\n<h3><strong>Pol\u00edtica de Cancelaci\u00f3n<\/strong><\/h3>\n<p>Si necesita cancelar su viaje, notif\u00edquenos por correo electr\u00f3nico lo antes posible. Las cancelaciones ser\u00e1n efectivas a partir de la fecha en que recibamos su solicitud.<\/p>\n<p>Se aplicar\u00e1n las siguientes tarifas de cancelaci\u00f3n, tanto para clientes directos como para agentes:<\/p>\n<ul>\n<li>Hasta <strong>60 d\u00edas antes de la llegada<\/strong>: 30% del importe total (dep\u00f3sito no reembolsable).<\/li>\n<li>Entre <strong>59 y 42 d\u00edas antes de la llegada<\/strong>: 75% del importe total (no reembolsable).<\/li>\n<li>Desde <strong>40 d\u00edas antes de la llegada hasta el d\u00eda de llegada<\/strong>: 100% del importe total (no reembolsable).<\/li>\n<\/ul>\n<p><strong>No se otorgar\u00e1n reembolsos por servicios no utilizados, llegadas tard\u00edas o no presentaciones.<\/strong><\/p>\n<hr \/>\n<h3><strong>Modificaciones<\/strong><\/h3>\n<ul>\n<li>Si necesita <strong>posponer su safari<\/strong>, su dep\u00f3sito seguir\u00e1 siendo v\u00e1lido por <strong>hasta un a\u00f1o desde la fecha de<br \/>\nreserva.<\/strong>\u00a0Sin embargo, pueden aplicarse costos adicionales seg\u00fan las pol\u00edticas del alojamiento.<\/li>\n<li>Todos los itinerarios de safari propuestos est\u00e1n <strong>sujetos a disponibilidad<\/strong> y no est\u00e1n garantizados hasta su confirmaci\u00f3n.<\/li>\n<li>Si su alojamiento preferido est\u00e1 completo, le ofreceremos una alternativa adecuada dentro del mismo rango de precios o superior (pueden aplicarse costos adicionales).<\/li>\n<li>Si ninguna de las opciones alternativas es satisfactoria, ajustaremos las opciones para adaptarnos a sus necesidades. Si no encontramos una alternativa adecuada, se proporcionar\u00e1 un <strong>reembolso completo<\/strong>.<\/li>\n<li>Para evitar inconvenientes, especialmente en temporadas altas (<strong>Junio- Octubre y de mediados a finales de diciembre<\/strong>), recomendamos reservar con suficiente anticipaci\u00f3n.<\/li>\n<\/ul>\n<p>&nbsp;<\/p>\n<p>Sensation of Africa se reserva el derecho de <strong>modificar el itinerario, transporte, alojamiento y servicios<\/strong> especificados en el programa del safari debido a circunstancias imprevistas fuera de nuestro control. Le informaremos de cualquier cambio lo antes posible.<\/p>\n<hr \/>\n<p>&nbsp;<\/p>\n","protected":false},"excerpt":{"rendered":"<p>Sensation of Africa \u2013 T\u00e9rminos de Viaje y Acuerdo con el Cliente Confirmaci\u00f3n de Reserva Al enviar una solicitud de reserva, usted confirma que ha le\u00eddo estas condiciones de reserva y acepta estar sujeto a ellas. Sensation of Africa solo acepta solicitudes de reserva por escrito, a trav\u00e9s de correo electr\u00f3nico, tel\u00e9fono o WhatsApp. Una [&hellip;]<\/p>\n","protected":false},"author":1,"featured_media":0,"parent":0,"menu_order":0,"comment_status":"closed","ping_status":"closed","template":"","meta":{"_joinchat":[],"footnotes":""},"class_list":["post-7176","page","type-page","status-publish","hentry"],"yoast_head":"<!-- This site is optimized with the Yoast SEO Premium plugin v24.5 (Yoast SEO v24.6) - https:\/\/yoast.com\/wordpress\/plugins\/seo\/ -->\n<title>T\u00e9rminos y Condiciones - Sensation of Africa<\/title>\n<meta name=\"robots\" content=\"index, follow, max-snippet:-1, max-image-preview:large, max-video-preview:-1\" \/>\n<link rel=\"canonical\" href=\"https:\/\/sensationofafrica.com\/es\/terminos-y-condiciones\/\" \/>\n<meta property=\"og:locale\" content=\"en_US\" \/>\n<meta property=\"og:type\" content=\"article\" \/>\n<meta property=\"og:title\" content=\"T\u00e9rminos y Condiciones\" \/>\n<meta property=\"og:description\" content=\"Sensation of Africa \u2013 T\u00e9rminos de Viaje y Acuerdo con el Cliente Confirmaci\u00f3n de Reserva Al enviar una solicitud de reserva, usted confirma que ha le\u00eddo estas condiciones de reserva y acepta estar sujeto a ellas. Sensation of Africa solo acepta solicitudes de reserva por escrito, a trav\u00e9s de correo electr\u00f3nico, tel\u00e9fono o WhatsApp. Una [&hellip;]\" \/>\n<meta property=\"og:url\" content=\"https:\/\/sensationofafrica.com\/es\/terminos-y-condiciones\/\" \/>\n<meta property=\"og:site_name\" content=\"Sensation of Africa\" \/>\n<meta property=\"article:publisher\" content=\"https:\/\/www.facebook.com\/sensationofafrica\" \/>\n<meta property=\"article:modified_time\" content=\"2025-03-08T10:42:43+00:00\" \/>\n<meta property=\"og:image\" content=\"https:\/\/sensationofafrica.com\/es\/wp-content\/uploads\/2024\/12\/ElmMurcia_TRAVEL23-635-scaled.jpg\" \/>\n\t<meta property=\"og:image:width\" content=\"2560\" \/>\n\t<meta property=\"og:image:height\" content=\"1707\" \/>\n\t<meta property=\"og:image:type\" content=\"image\/jpeg\" \/>\n<meta name=\"twitter:card\" content=\"summary_large_image\" \/>\n<meta name=\"twitter:label1\" content=\"Est. reading time\" \/>\n\t<meta name=\"twitter:data1\" content=\"3 minutes\" \/>\n<script type=\"application\/ld+json\" class=\"yoast-schema-graph\">{\"@context\":\"https:\/\/schema.org\",\"@graph\":[{\"@type\":\"WebPage\",\"@id\":\"https:\/\/sensationofafrica.com\/es\/terminos-y-condiciones\/\",\"url\":\"https:\/\/sensationofafrica.com\/es\/terminos-y-condiciones\/\",\"name\":\"T\u00e9rminos y Condiciones - Sensation of Africa\",\"isPartOf\":{\"@id\":\"https:\/\/sensationofafrica.com\/es\/#website\"},\"datePublished\":\"2025-03-07T11:10:04+00:00\",\"dateModified\":\"2025-03-08T10:42:43+00:00\",\"breadcrumb\":{\"@id\":\"https:\/\/sensationofafrica.com\/es\/terminos-y-condiciones\/#breadcrumb\"},\"inLanguage\":\"en-US\",\"potentialAction\":[{\"@type\":\"ReadAction\",\"target\":[\"https:\/\/sensationofafrica.com\/es\/terminos-y-condiciones\/\"]}]},{\"@type\":\"BreadcrumbList\",\"@id\":\"https:\/\/sensationofafrica.com\/es\/terminos-y-condiciones\/#breadcrumb\",\"itemListElement\":[{\"@type\":\"ListItem\",\"position\":1,\"name\":\"Home\",\"item\":\"https:\/\/sensationofafrica.com\/es\/\"},{\"@type\":\"ListItem\",\"position\":2,\"name\":\"T\u00e9rminos y Condiciones\"}]},{\"@type\":\"WebSite\",\"@id\":\"https:\/\/sensationofafrica.com\/es\/#website\",\"url\":\"https:\/\/sensationofafrica.com\/es\/\",\"name\":\"Sensation of Africa\",\"description\":\"Viajes a la Libertad Natural | Safaris en Tanzania | Senderismo en el Kilimanjaro | Vacaciones en la playa de Zanz\u00edbar\",\"publisher\":{\"@id\":\"https:\/\/sensationofafrica.com\/es\/#organization\"},\"potentialAction\":[{\"@type\":\"SearchAction\",\"target\":{\"@type\":\"EntryPoint\",\"urlTemplate\":\"https:\/\/sensationofafrica.com\/es\/?s={search_term_string}\"},\"query-input\":{\"@type\":\"PropertyValueSpecification\",\"valueRequired\":true,\"valueName\":\"search_term_string\"}}],\"inLanguage\":\"en-US\"},{\"@type\":\"Organization\",\"@id\":\"https:\/\/sensationofafrica.com\/es\/#organization\",\"name\":\"Sensation of Africa\",\"url\":\"https:\/\/sensationofafrica.com\/es\/\",\"logo\":{\"@type\":\"ImageObject\",\"inLanguage\":\"en-US\",\"@id\":\"https:\/\/sensationofafrica.com\/es\/#\/schema\/logo\/image\/\",\"url\":\"https:\/\/sensationofafrica.com\/es\/wp-content\/uploads\/2024\/05\/Logo-sensation.png\",\"contentUrl\":\"https:\/\/sensationofafrica.com\/es\/wp-content\/uploads\/2024\/05\/Logo-sensation.png\",\"width\":6688,\"height\":4470,\"caption\":\"Sensation of Africa\"},\"image\":{\"@id\":\"https:\/\/sensationofafrica.com\/es\/#\/schema\/logo\/image\/\"},\"sameAs\":[\"https:\/\/www.facebook.com\/sensationofafrica\",\"https:\/\/www.instagram.com\/sensationofafrica\/\",\"https:\/\/tz.linkedin.com\/company\/sensation-of-africa\",\"https:\/\/www.youtube.com\/channel\/UCDglL5NNAQUJ310spnRFHxA\"]}]}<\/script>\n<!-- \/ Yoast SEO Premium plugin. -->","yoast_head_json":{"title":"T\u00e9rminos y Condiciones - Sensation of Africa","robots":{"index":"index","follow":"follow","max-snippet":"max-snippet:-1","max-image-preview":"max-image-preview:large","max-video-preview":"max-video-preview:-1"},"canonical":"https:\/\/sensationofafrica.com\/es\/terminos-y-condiciones\/","og_locale":"en_US","og_type":"article","og_title":"T\u00e9rminos y Condiciones","og_description":"Sensation of Africa \u2013 T\u00e9rminos de Viaje y Acuerdo con el Cliente Confirmaci\u00f3n de Reserva Al enviar una solicitud de reserva, usted confirma que ha le\u00eddo estas condiciones de reserva y acepta estar sujeto a ellas. Sensation of Africa solo acepta solicitudes de reserva por escrito, a trav\u00e9s de correo electr\u00f3nico, tel\u00e9fono o WhatsApp. Una [&hellip;]","og_url":"https:\/\/sensationofafrica.com\/es\/terminos-y-condiciones\/","og_site_name":"Sensation of Africa","article_publisher":"https:\/\/www.facebook.com\/sensationofafrica","article_modified_time":"2025-03-08T10:42:43+00:00","og_image":[{"width":2560,"height":1707,"url":"https:\/\/sensationofafrica.com\/es\/wp-content\/uploads\/2024\/12\/ElmMurcia_TRAVEL23-635-scaled.jpg","type":"image\/jpeg"}],"twitter_card":"summary_large_image","twitter_misc":{"Est. reading time":"3 minutes"},"schema":{"@context":"https:\/\/schema.org","@graph":[{"@type":"WebPage","@id":"https:\/\/sensationofafrica.com\/es\/terminos-y-condiciones\/","url":"https:\/\/sensationofafrica.com\/es\/terminos-y-condiciones\/","name":"T\u00e9rminos y Condiciones - Sensation of Africa","isPartOf":{"@id":"https:\/\/sensationofafrica.com\/es\/#website"},"datePublished":"2025-03-07T11:10:04+00:00","dateModified":"2025-03-08T10:42:43+00:00","breadcrumb":{"@id":"https:\/\/sensationofafrica.com\/es\/terminos-y-condiciones\/#breadcrumb"},"inLanguage":"en-US","potentialAction":[{"@type":"ReadAction","target":["https:\/\/sensationofafrica.com\/es\/terminos-y-condiciones\/"]}]},{"@type":"BreadcrumbList","@id":"https:\/\/sensationofafrica.com\/es\/terminos-y-condiciones\/#breadcrumb","itemListElement":[{"@type":"ListItem","position":1,"name":"Home","item":"https:\/\/sensationofafrica.com\/es\/"},{"@type":"ListItem","position":2,"name":"T\u00e9rminos y Condiciones"}]},{"@type":"WebSite","@id":"https:\/\/sensationofafrica.com\/es\/#website","url":"https:\/\/sensationofafrica.com\/es\/","name":"Sensation of Africa","description":"Viajes a la Libertad Natural | Safaris en Tanzania | Senderismo en el Kilimanjaro | Vacaciones en la playa de Zanz\u00edbar","publisher":{"@id":"https:\/\/sensationofafrica.com\/es\/#organization"},"potentialAction":[{"@type":"SearchAction","target":{"@type":"EntryPoint","urlTemplate":"https:\/\/sensationofafrica.com\/es\/?s={search_term_string}"},"query-input":{"@type":"PropertyValueSpecification","valueRequired":true,"valueName":"search_term_string"}}],"inLanguage":"en-US"},{"@type":"Organization","@id":"https:\/\/sensationofafrica.com\/es\/#organization","name":"Sensation of Africa","url":"https:\/\/sensationofafrica.com\/es\/","logo":{"@type":"ImageObject","inLanguage":"en-US","@id":"https:\/\/sensationofafrica.com\/es\/#\/schema\/logo\/image\/","url":"https:\/\/sensationofafrica.com\/es\/wp-content\/uploads\/2024\/05\/Logo-sensation.png","contentUrl":"https:\/\/sensationofafrica.com\/es\/wp-content\/uploads\/2024\/05\/Logo-sensation.png","width":6688,"height":4470,"caption":"Sensation of Africa"},"image":{"@id":"https:\/\/sensationofafrica.com\/es\/#\/schema\/logo\/image\/"},"sameAs":["https:\/\/www.facebook.com\/sensationofafrica","https:\/\/www.instagram.com\/sensationofafrica\/","https:\/\/tz.linkedin.com\/company\/sensation-of-africa","https:\/\/www.youtube.com\/channel\/UCDglL5NNAQUJ310spnRFHxA"]}]}},"_links":{"self":[{"href":"https:\/\/sensationofafrica.com\/es\/wp-json\/wp\/v2\/pages\/7176","targetHints":{"allow":["GET"]}}],"collection":[{"href":"https:\/\/sensationofafrica.com\/es\/wp-json\/wp\/v2\/pages"}],"about":[{"href":"https:\/\/sensationofafrica.com\/es\/wp-json\/wp\/v2\/types\/page"}],"author":[{"embeddable":true,"href":"https:\/\/sensationofafrica.com\/es\/wp-json\/wp\/v2\/users\/1"}],"replies":[{"embeddable":true,"href":"https:\/\/sensationofafrica.com\/es\/wp-json\/wp\/v2\/comments?post=7176"}],"version-history":[{"count":15,"href":"https:\/\/sensationofafrica.com\/es\/wp-json\/wp\/v2\/pages\/7176\/revisions"}],"predecessor-version":[{"id":7179,"href":"https:\/\/sensationofafrica.com\/es\/wp-json\/wp\/v2\/pages\/7176\/revisions\/7179"}],"wp:attachment":[{"href":"https:\/\/sensationofafrica.com\/es\/wp-json\/wp\/v2\/media?parent=7176"}],"curies":[{"name":"wp","href":"https:\/\/api.w.org\/{rel}","templated":true}]}}