{"id":5769,"date":"2025-01-21T12:56:28","date_gmt":"2025-01-21T12:56:28","guid":{"rendered":"https:\/\/sensation.computersprings.com\/?page_id=5769"},"modified":"2025-03-04T15:20:36","modified_gmt":"2025-03-04T15:20:36","slug":"mto-wa-mbu-ofrece-turismo-cultural-safaris-en-bicicleta","status":"publish","type":"page","link":"https:\/\/sensationofafrica.com\/es\/mto-wa-mbu-ofrece-turismo-cultural-safaris-en-bicicleta\/","title":{"rendered":"Mto wa Mbu ofrece turismo cultural, safaris en bicicleta"},"content":{"rendered":"\t\t<div data-elementor-type=\"wp-page\" data-elementor-id=\"5769\" class=\"elementor elementor-5769\" data-elementor-post-type=\"page\">\n\t\t\t\t<div class=\"elementor-element elementor-element-5a62a0aa e-flex e-con-boxed wpr-particle-no wpr-jarallax-no wpr-parallax-no wpr-sticky-section-no e-con e-parent\" data-id=\"5a62a0aa\" data-element_type=\"container\" data-settings=\"{&quot;background_background&quot;:&quot;classic&quot;}\">\n\t\t\t\t\t<div class=\"e-con-inner\">\n\t\t\t\t\t<\/div>\n\t\t\t\t<\/div>\n\t\t\t\t<section class=\"elementor-section elementor-top-section elementor-element elementor-element-548909c3 elementor-section-boxed elementor-section-height-default elementor-section-height-default wpr-particle-no wpr-jarallax-no wpr-parallax-no wpr-sticky-section-no\" data-id=\"548909c3\" data-element_type=\"section\" data-settings=\"{&quot;background_background&quot;:&quot;classic&quot;}\">\n\t\t\t\t\t\t<div class=\"elementor-container elementor-column-gap-default\">\n\t\t\t\t\t<div class=\"elementor-column elementor-col-100 elementor-top-column elementor-element elementor-element-c3385b2\" data-id=\"c3385b2\" data-element_type=\"column\">\n\t\t\t<div class=\"elementor-widget-wrap elementor-element-populated\">\n\t\t\t\t\t\t<div class=\"elementor-element elementor-element-18391544 elementor-widget elementor-widget-text-editor\" data-id=\"18391544\" data-element_type=\"widget\" data-widget_type=\"text-editor.default\">\n\t\t\t\t<div class=\"elementor-widget-container\">\n\t\t\t<style>\/*! elementor - v3.21.0 - 30-04-2024 *\/\n.elementor-widget-text-editor.elementor-drop-cap-view-stacked .elementor-drop-cap{background-color:#69727d;color:#fff}.elementor-widget-text-editor.elementor-drop-cap-view-framed .elementor-drop-cap{color:#69727d;border:3px solid;background-color:transparent}.elementor-widget-text-editor:not(.elementor-drop-cap-view-default) .elementor-drop-cap{margin-top:8px}.elementor-widget-text-editor:not(.elementor-drop-cap-view-default) .elementor-drop-cap-letter{width:1em;height:1em}.elementor-widget-text-editor .elementor-drop-cap{float:left;text-align:center;line-height:1;font-size:50px}.elementor-widget-text-editor .elementor-drop-cap-letter{display:inline-block}<\/style>\t\t\t\t<p>Mto wa Mbu ofrece turismo cultural, safaris en bicicleta, visitas a mercados locales, caminatas por plantaciones y encuentros con comunidades.<\/p>\t\t\t\t\t\t<\/div>\n\t\t\t\t<\/div>\n\t\t\t\t<div class=\"elementor-element elementor-element-b6fd388 elementor-widget elementor-widget-text-editor\" data-id=\"b6fd388\" data-element_type=\"widget\" data-widget_type=\"text-editor.default\">\n\t\t\t\t<div class=\"elementor-widget-container\">\n\t\t\t\t\t\t\t<ul><li><p><b>Duraci\u00f3n:<\/b><span style=\"font-weight: 400;\">\u00a03 Horas<\/span><\/p><\/li><li><p><b>Ubicaci\u00f3n:<\/b><span style=\"font-weight: 400;\"> Mto Wa Mbu<\/span><\/p><\/li><li><p><b>Tem\u00e1tica:<\/b>\u00a0Bicicleta y tour cultural<\/p><\/li><li><strong>Precio:<\/strong>\u00a0Desde 55 USD<\/li><\/ul><p>\u00a0<\/p><p><span style=\"font-weight: 400;\">Esta actividad en bicicleta por <a href=\"https:\/\/en.wikipedia.org\/wiki\/Mto_wa_Mbu\">Mto Wa Mbu<\/a> es una experiencia cultural y aut\u00e9ntica en Tanzania. Mientras pedaleas, recorres plantaciones de pl\u00e1tanos, arrozales y caminos que conectan con el vibrante mercado local. Este peque\u00f1o pueblo es \u00fanico por albergar m\u00e1s de 120 tribus, ofreciendo una rica diversidad cultural. Durante el recorrido, puedes visitar talleres de artesan\u00eda, aprender sobre la producci\u00f3n de aceites de pl\u00e1tano y probar platos tradicionales como el ugali y nyama choma preparados por los lugare\u00f1os. Tambi\u00e9n tendr\u00e1s la oportunidad de conocer su estilo de vida y descubrir la calidez de su gente.\u00a0<\/span><\/p><p><span style=\"font-weight: 400;\">Es una actividad perfecta para quienes buscan explorar la esencia de la vida local de una manera activa, cercana y rodeados de naturaleza y cultura en perfecta armon\u00eda.<\/span><\/p><p>experiencia que combina lujo, naturaleza y aventura en el coraz\u00f3n del Serengeti.<\/p>\t\t\t\t\t\t<\/div>\n\t\t\t\t<\/div>\n\t\t\t\t\t<\/div>\n\t\t<\/div>\n\t\t\t\t\t<\/div>\n\t\t<\/section>\n\t\t<div class=\"elementor-element elementor-element-653eb615 e-flex e-con-boxed wpr-particle-no wpr-jarallax-no wpr-parallax-no wpr-sticky-section-no e-con e-parent\" data-id=\"653eb615\" data-element_type=\"container\">\n\t\t\t\t\t<div class=\"e-con-inner\">\n\t\t<div class=\"elementor-element elementor-element-55fbafc9 e-flex e-con-boxed wpr-particle-no wpr-jarallax-no wpr-parallax-no wpr-sticky-section-no elementor-invisible e-con e-child\" data-id=\"55fbafc9\" data-element_type=\"container\" data-settings=\"{&quot;animation&quot;:&quot;slideInRight&quot;}\">\n\t\t\t\t\t<div class=\"e-con-inner\">\n\t\t\t\t<div class=\"elementor-element elementor-element-55fcd2c6 elementor-widget elementor-widget-bdt-call-out\" data-id=\"55fcd2c6\" data-element_type=\"widget\" data-widget_type=\"bdt-call-out.default\">\n\t\t\t\t<div class=\"elementor-widget-container\">\n\t\t\t\t\t<div class=\"bdt-ep-callout bdt-ep-callout-button-align-right bdt-grid bdt-grid-large bdt-flex-middle\">\r\n\t\t\t<div class=\"bdt-width-expand bdt-first-column\">\r\n\t\t\t\t\t\t\t\t\t<h3\t\t\t\t\t\tclass=\"bdt-ep-callout-title\">\r\n\t\t\t\t\t\tSu viaje, su historia\t\t\t\t\t<\/h3>\r\n\t\t\t\t\t\t\t\t\t\t\t\t\t<div class=\"bdt-ep-callout-description\">\r\n\t\t\t\t\t\tEn Sensation of Africa dise\u00f1amos viajes seg\u00fan sus deseos e ideas. Cada viaje es una aventura a medida que refleja su individualidad.\t\t\t\t\t<\/div>\r\n\t\t\t\t\t\t\t<\/div>\r\n\r\n\t\t\t<div class=\"bdt-width-auto@m\">\r\n\t\t\t\t<a href=\"https:\/\/sensationofafrica.com\/es\/contacto\/\" class=\"bdt-ep-callout-button\">\r\n\r\n\t\t\t\t\t<span class=\"bdt-flex bdt-flex-middle\">\r\n\r\n\t\t\t\t\t\tPlanifica tu Viaje\r\n\t\t\t\t\t\t\t\t\t\t\t\t\t<span\r\n\t\t\t\t\t\t\t\tclass=\"bdt-ep-callout-button-icon bdt-flex-align-right\">\r\n\r\n\t\t\t\t\t\t\t\t<svg aria-hidden=\"true\" class=\"fa-fw e-font-icon-svg e-fas-angle-double-right\" viewBox=\"0 0 448 512\" xmlns=\"http:\/\/www.w3.org\/2000\/svg\"><path d=\"M224.3 273l-136 136c-9.4 9.4-24.6 9.4-33.9 0l-22.6-22.6c-9.4-9.4-9.4-24.6 0-33.9l96.4-96.4-96.4-96.4c-9.4-9.4-9.4-24.6 0-33.9L54.3 103c9.4-9.4 24.6-9.4 33.9 0l136 136c9.5 9.4 9.5 24.6.1 34zm192-34l-136-136c-9.4-9.4-24.6-9.4-33.9 0l-22.6 22.6c-9.4 9.4-9.4 24.6 0 33.9l96.4 96.4-96.4 96.4c-9.4 9.4-9.4 24.6 0 33.9l22.6 22.6c9.4 9.4 24.6 9.4 33.9 0l136-136c9.4-9.2 9.4-24.4 0-33.8z\"><\/path><\/svg>\r\n\t\t\t\t\t\t\t<\/span>\r\n\t\t\t\t\t\t\t\t\t\t\t<\/span>\r\n\r\n\t\t\t\t<\/a>\r\n\t\t\t<\/div>\r\n\t\t<\/div>\r\n\t\t\t\t<\/div>\n\t\t\t\t<\/div>\n\t\t\t\t\t<\/div>\n\t\t\t\t<\/div>\n\t\t\t\t\t<\/div>\n\t\t\t\t<\/div>\n\t\t\t\t<\/div>\n\t\t","protected":false},"excerpt":{"rendered":"<p>Mto wa Mbu ofrece turismo cultural, safaris en bicicleta, visitas a mercados locales, caminatas por plantaciones y encuentros con comunidades. Duraci\u00f3n:\u00a03 Horas Ubicaci\u00f3n: Mto Wa Mbu Tem\u00e1tica:\u00a0Bicicleta y tour cultural Precio:\u00a0Desde 55 USD Esta actividad en bicicleta por Mto Wa Mbu es una experiencia cultural y aut\u00e9ntica en Tanzania. Mientras pedaleas, recorres plantaciones de pl\u00e1tanos, [&hellip;]<\/p>\n","protected":false},"author":1,"featured_media":3791,"parent":0,"menu_order":0,"comment_status":"closed","ping_status":"closed","template":"elementor_header_footer","meta":{"_joinchat":[],"footnotes":""},"class_list":["post-5769","page","type-page","status-publish","has-post-thumbnail","hentry"],"yoast_head":"<!-- This site is optimized with the Yoast SEO Premium plugin v24.5 (Yoast SEO v24.6) - https:\/\/yoast.com\/wordpress\/plugins\/seo\/ -->\n<title>Mto wa Mbu turismo cultural safaris en bicicleta<\/title>\n<meta name=\"description\" content=\"Mto wa Mbu ofrece turismo cultural, safaris en bicicleta, visitas a mercados locales, caminatas por plantaciones.\" \/>\n<meta name=\"robots\" content=\"index, follow, max-snippet:-1, max-image-preview:large, max-video-preview:-1\" \/>\n<link rel=\"canonical\" href=\"https:\/\/sensationofafrica.com\/es\/mto-wa-mbu-ofrece-turismo-cultural-safaris-en-bicicleta\/\" \/>\n<meta property=\"og:locale\" content=\"en_US\" \/>\n<meta property=\"og:type\" content=\"article\" \/>\n<meta property=\"og:title\" content=\"Mto wa Mbu ofrece turismo cultural, safaris en bicicleta\" \/>\n<meta property=\"og:description\" content=\"Mto wa Mbu ofrece turismo cultural, safaris en bicicleta, visitas a mercados locales, caminatas por plantaciones.\" \/>\n<meta property=\"og:url\" content=\"https:\/\/sensationofafrica.com\/es\/mto-wa-mbu-ofrece-turismo-cultural-safaris-en-bicicleta\/\" \/>\n<meta property=\"og:site_name\" content=\"Sensation of Africa\" \/>\n<meta property=\"article:publisher\" content=\"https:\/\/www.facebook.com\/sensationofafrica\" \/>\n<meta property=\"article:modified_time\" content=\"2025-03-04T15:20:36+00:00\" \/>\n<meta property=\"og:image\" content=\"https:\/\/sensationofafrica.com\/es\/wp-content\/uploads\/2025\/01\/DSC06105-800x600-1.jpg\" \/>\n\t<meta property=\"og:image:width\" content=\"800\" \/>\n\t<meta property=\"og:image:height\" content=\"600\" \/>\n\t<meta property=\"og:image:type\" content=\"image\/jpeg\" \/>\n<meta name=\"twitter:card\" content=\"summary_large_image\" \/>\n<meta name=\"twitter:label1\" content=\"Est. reading time\" \/>\n\t<meta name=\"twitter:data1\" content=\"2 minutes\" \/>\n<script type=\"application\/ld+json\" class=\"yoast-schema-graph\">{\"@context\":\"https:\/\/schema.org\",\"@graph\":[{\"@type\":\"WebPage\",\"@id\":\"https:\/\/sensationofafrica.com\/es\/mto-wa-mbu-ofrece-turismo-cultural-safaris-en-bicicleta\/\",\"url\":\"https:\/\/sensationofafrica.com\/es\/mto-wa-mbu-ofrece-turismo-cultural-safaris-en-bicicleta\/\",\"name\":\"Mto wa Mbu turismo cultural safaris en bicicleta\",\"isPartOf\":{\"@id\":\"https:\/\/sensationofafrica.com\/es\/#website\"},\"primaryImageOfPage\":{\"@id\":\"https:\/\/sensationofafrica.com\/es\/mto-wa-mbu-ofrece-turismo-cultural-safaris-en-bicicleta\/#primaryimage\"},\"image\":{\"@id\":\"https:\/\/sensationofafrica.com\/es\/mto-wa-mbu-ofrece-turismo-cultural-safaris-en-bicicleta\/#primaryimage\"},\"thumbnailUrl\":\"https:\/\/sensationofafrica.com\/es\/wp-content\/uploads\/2025\/01\/DSC06105-800x600-1.jpg\",\"datePublished\":\"2025-01-21T12:56:28+00:00\",\"dateModified\":\"2025-03-04T15:20:36+00:00\",\"description\":\"Mto wa Mbu ofrece turismo cultural, safaris en bicicleta, visitas a mercados locales, caminatas por plantaciones.\",\"breadcrumb\":{\"@id\":\"https:\/\/sensationofafrica.com\/es\/mto-wa-mbu-ofrece-turismo-cultural-safaris-en-bicicleta\/#breadcrumb\"},\"inLanguage\":\"en-US\",\"potentialAction\":[{\"@type\":\"ReadAction\",\"target\":[\"https:\/\/sensationofafrica.com\/es\/mto-wa-mbu-ofrece-turismo-cultural-safaris-en-bicicleta\/\"]}]},{\"@type\":\"ImageObject\",\"inLanguage\":\"en-US\",\"@id\":\"https:\/\/sensationofafrica.com\/es\/mto-wa-mbu-ofrece-turismo-cultural-safaris-en-bicicleta\/#primaryimage\",\"url\":\"https:\/\/sensationofafrica.com\/es\/wp-content\/uploads\/2025\/01\/DSC06105-800x600-1.jpg\",\"contentUrl\":\"https:\/\/sensationofafrica.com\/es\/wp-content\/uploads\/2025\/01\/DSC06105-800x600-1.jpg\",\"width\":800,\"height\":600,\"caption\":\"biking tour\"},{\"@type\":\"BreadcrumbList\",\"@id\":\"https:\/\/sensationofafrica.com\/es\/mto-wa-mbu-ofrece-turismo-cultural-safaris-en-bicicleta\/#breadcrumb\",\"itemListElement\":[{\"@type\":\"ListItem\",\"position\":1,\"name\":\"Home\",\"item\":\"https:\/\/sensationofafrica.com\/es\/\"},{\"@type\":\"ListItem\",\"position\":2,\"name\":\"Mto wa Mbu ofrece turismo cultural, safaris en bicicleta\"}]},{\"@type\":\"WebSite\",\"@id\":\"https:\/\/sensationofafrica.com\/es\/#website\",\"url\":\"https:\/\/sensationofafrica.com\/es\/\",\"name\":\"Sensation of Africa\",\"description\":\"Viajes a la Libertad Natural | Safaris en Tanzania | Senderismo en el Kilimanjaro | Vacaciones en la playa de Zanz\u00edbar\",\"publisher\":{\"@id\":\"https:\/\/sensationofafrica.com\/es\/#organization\"},\"potentialAction\":[{\"@type\":\"SearchAction\",\"target\":{\"@type\":\"EntryPoint\",\"urlTemplate\":\"https:\/\/sensationofafrica.com\/es\/?s={search_term_string}\"},\"query-input\":{\"@type\":\"PropertyValueSpecification\",\"valueRequired\":true,\"valueName\":\"search_term_string\"}}],\"inLanguage\":\"en-US\"},{\"@type\":\"Organization\",\"@id\":\"https:\/\/sensationofafrica.com\/es\/#organization\",\"name\":\"Sensation of Africa\",\"url\":\"https:\/\/sensationofafrica.com\/es\/\",\"logo\":{\"@type\":\"ImageObject\",\"inLanguage\":\"en-US\",\"@id\":\"https:\/\/sensationofafrica.com\/es\/#\/schema\/logo\/image\/\",\"url\":\"https:\/\/sensationofafrica.com\/es\/wp-content\/uploads\/2024\/05\/Logo-sensation.png\",\"contentUrl\":\"https:\/\/sensationofafrica.com\/es\/wp-content\/uploads\/2024\/05\/Logo-sensation.png\",\"width\":6688,\"height\":4470,\"caption\":\"Sensation of Africa\"},\"image\":{\"@id\":\"https:\/\/sensationofafrica.com\/es\/#\/schema\/logo\/image\/\"},\"sameAs\":[\"https:\/\/www.facebook.com\/sensationofafrica\",\"https:\/\/www.instagram.com\/sensationofafrica\/\",\"https:\/\/tz.linkedin.com\/company\/sensation-of-africa\",\"https:\/\/www.youtube.com\/channel\/UCDglL5NNAQUJ310spnRFHxA\"]}]}<\/script>\n<!-- \/ Yoast SEO Premium plugin. -->","yoast_head_json":{"title":"Mto wa Mbu turismo cultural safaris en bicicleta","description":"Mto wa Mbu ofrece turismo cultural, safaris en bicicleta, visitas a mercados locales, caminatas por plantaciones.","robots":{"index":"index","follow":"follow","max-snippet":"max-snippet:-1","max-image-preview":"max-image-preview:large","max-video-preview":"max-video-preview:-1"},"canonical":"https:\/\/sensationofafrica.com\/es\/mto-wa-mbu-ofrece-turismo-cultural-safaris-en-bicicleta\/","og_locale":"en_US","og_type":"article","og_title":"Mto wa Mbu ofrece turismo cultural, safaris en bicicleta","og_description":"Mto wa Mbu ofrece turismo cultural, safaris en bicicleta, visitas a mercados locales, caminatas por plantaciones.","og_url":"https:\/\/sensationofafrica.com\/es\/mto-wa-mbu-ofrece-turismo-cultural-safaris-en-bicicleta\/","og_site_name":"Sensation of Africa","article_publisher":"https:\/\/www.facebook.com\/sensationofafrica","article_modified_time":"2025-03-04T15:20:36+00:00","og_image":[{"width":800,"height":600,"url":"https:\/\/sensationofafrica.com\/es\/wp-content\/uploads\/2025\/01\/DSC06105-800x600-1.jpg","type":"image\/jpeg"}],"twitter_card":"summary_large_image","twitter_misc":{"Est. reading time":"2 minutes"},"schema":{"@context":"https:\/\/schema.org","@graph":[{"@type":"WebPage","@id":"https:\/\/sensationofafrica.com\/es\/mto-wa-mbu-ofrece-turismo-cultural-safaris-en-bicicleta\/","url":"https:\/\/sensationofafrica.com\/es\/mto-wa-mbu-ofrece-turismo-cultural-safaris-en-bicicleta\/","name":"Mto wa Mbu turismo cultural safaris en bicicleta","isPartOf":{"@id":"https:\/\/sensationofafrica.com\/es\/#website"},"primaryImageOfPage":{"@id":"https:\/\/sensationofafrica.com\/es\/mto-wa-mbu-ofrece-turismo-cultural-safaris-en-bicicleta\/#primaryimage"},"image":{"@id":"https:\/\/sensationofafrica.com\/es\/mto-wa-mbu-ofrece-turismo-cultural-safaris-en-bicicleta\/#primaryimage"},"thumbnailUrl":"https:\/\/sensationofafrica.com\/es\/wp-content\/uploads\/2025\/01\/DSC06105-800x600-1.jpg","datePublished":"2025-01-21T12:56:28+00:00","dateModified":"2025-03-04T15:20:36+00:00","description":"Mto wa Mbu ofrece turismo cultural, safaris en bicicleta, visitas a mercados locales, caminatas por plantaciones.","breadcrumb":{"@id":"https:\/\/sensationofafrica.com\/es\/mto-wa-mbu-ofrece-turismo-cultural-safaris-en-bicicleta\/#breadcrumb"},"inLanguage":"en-US","potentialAction":[{"@type":"ReadAction","target":["https:\/\/sensationofafrica.com\/es\/mto-wa-mbu-ofrece-turismo-cultural-safaris-en-bicicleta\/"]}]},{"@type":"ImageObject","inLanguage":"en-US","@id":"https:\/\/sensationofafrica.com\/es\/mto-wa-mbu-ofrece-turismo-cultural-safaris-en-bicicleta\/#primaryimage","url":"https:\/\/sensationofafrica.com\/es\/wp-content\/uploads\/2025\/01\/DSC06105-800x600-1.jpg","contentUrl":"https:\/\/sensationofafrica.com\/es\/wp-content\/uploads\/2025\/01\/DSC06105-800x600-1.jpg","width":800,"height":600,"caption":"biking tour"},{"@type":"BreadcrumbList","@id":"https:\/\/sensationofafrica.com\/es\/mto-wa-mbu-ofrece-turismo-cultural-safaris-en-bicicleta\/#breadcrumb","itemListElement":[{"@type":"ListItem","position":1,"name":"Home","item":"https:\/\/sensationofafrica.com\/es\/"},{"@type":"ListItem","position":2,"name":"Mto wa Mbu ofrece turismo cultural, safaris en bicicleta"}]},{"@type":"WebSite","@id":"https:\/\/sensationofafrica.com\/es\/#website","url":"https:\/\/sensationofafrica.com\/es\/","name":"Sensation of Africa","description":"Viajes a la Libertad Natural | Safaris en Tanzania | Senderismo en el Kilimanjaro | Vacaciones en la playa de Zanz\u00edbar","publisher":{"@id":"https:\/\/sensationofafrica.com\/es\/#organization"},"potentialAction":[{"@type":"SearchAction","target":{"@type":"EntryPoint","urlTemplate":"https:\/\/sensationofafrica.com\/es\/?s={search_term_string}"},"query-input":{"@type":"PropertyValueSpecification","valueRequired":true,"valueName":"search_term_string"}}],"inLanguage":"en-US"},{"@type":"Organization","@id":"https:\/\/sensationofafrica.com\/es\/#organization","name":"Sensation of Africa","url":"https:\/\/sensationofafrica.com\/es\/","logo":{"@type":"ImageObject","inLanguage":"en-US","@id":"https:\/\/sensationofafrica.com\/es\/#\/schema\/logo\/image\/","url":"https:\/\/sensationofafrica.com\/es\/wp-content\/uploads\/2024\/05\/Logo-sensation.png","contentUrl":"https:\/\/sensationofafrica.com\/es\/wp-content\/uploads\/2024\/05\/Logo-sensation.png","width":6688,"height":4470,"caption":"Sensation of Africa"},"image":{"@id":"https:\/\/sensationofafrica.com\/es\/#\/schema\/logo\/image\/"},"sameAs":["https:\/\/www.facebook.com\/sensationofafrica","https:\/\/www.instagram.com\/sensationofafrica\/","https:\/\/tz.linkedin.com\/company\/sensation-of-africa","https:\/\/www.youtube.com\/channel\/UCDglL5NNAQUJ310spnRFHxA"]}]}},"_links":{"self":[{"href":"https:\/\/sensationofafrica.com\/es\/wp-json\/wp\/v2\/pages\/5769","targetHints":{"allow":["GET"]}}],"collection":[{"href":"https:\/\/sensationofafrica.com\/es\/wp-json\/wp\/v2\/pages"}],"about":[{"href":"https:\/\/sensationofafrica.com\/es\/wp-json\/wp\/v2\/types\/page"}],"author":[{"embeddable":true,"href":"https:\/\/sensationofafrica.com\/es\/wp-json\/wp\/v2\/users\/1"}],"replies":[{"embeddable":true,"href":"https:\/\/sensationofafrica.com\/es\/wp-json\/wp\/v2\/comments?post=5769"}],"version-history":[{"count":27,"href":"https:\/\/sensationofafrica.com\/es\/wp-json\/wp\/v2\/pages\/5769\/revisions"}],"predecessor-version":[{"id":6849,"href":"https:\/\/sensationofafrica.com\/es\/wp-json\/wp\/v2\/pages\/5769\/revisions\/6849"}],"wp:featuredmedia":[{"embeddable":true,"href":"https:\/\/sensationofafrica.com\/es\/wp-json\/wp\/v2\/media\/3791"}],"wp:attachment":[{"href":"https:\/\/sensationofafrica.com\/es\/wp-json\/wp\/v2\/media?parent=5769"}],"curies":[{"name":"wp","href":"https:\/\/api.w.org\/{rel}","templated":true}]}}