{"id":1492,"date":"2024-11-19T17:55:59","date_gmt":"2024-11-19T17:55:59","guid":{"rendered":"https:\/\/sensation.computersprings.com\/?page_id=1492"},"modified":"2025-03-03T17:02:56","modified_gmt":"2025-03-03T17:02:56","slug":"humanidad","status":"publish","type":"page","link":"https:\/\/sensationofafrica.com\/es\/humanidad\/","title":{"rendered":"Humanidad"},"content":{"rendered":"\t\t<div data-elementor-type=\"wp-page\" data-elementor-id=\"1492\" class=\"elementor elementor-1492\" data-elementor-post-type=\"page\">\n\t\t\t\t<div class=\"elementor-element elementor-element-1477af80 e-flex e-con-boxed wpr-particle-no wpr-jarallax-no wpr-parallax-no wpr-sticky-section-no e-con e-parent\" data-id=\"1477af80\" data-element_type=\"container\" data-settings=\"{&quot;background_background&quot;:&quot;classic&quot;}\">\n\t\t\t\t\t<div class=\"e-con-inner\">\n\t\t\t\t<div class=\"elementor-element elementor-element-4b75652c elementor-widget elementor-widget-heading\" data-id=\"4b75652c\" data-element_type=\"widget\" data-widget_type=\"heading.default\">\n\t\t\t\t<div class=\"elementor-widget-container\">\n\t\t\t<style>\/*! elementor - v3.21.0 - 30-04-2024 *\/\n.elementor-heading-title{padding:0;margin:0;line-height:1}.elementor-widget-heading .elementor-heading-title[class*=elementor-size-]>a{color:inherit;font-size:inherit;line-height:inherit}.elementor-widget-heading .elementor-heading-title.elementor-size-small{font-size:15px}.elementor-widget-heading .elementor-heading-title.elementor-size-medium{font-size:19px}.elementor-widget-heading .elementor-heading-title.elementor-size-large{font-size:29px}.elementor-widget-heading .elementor-heading-title.elementor-size-xl{font-size:39px}.elementor-widget-heading .elementor-heading-title.elementor-size-xxl{font-size:59px}<\/style><h1 class=\"elementor-heading-title elementor-size-default\">Humanidad<\/h1>\t\t<\/div>\n\t\t\t\t<\/div>\n\t\t\t\t<div class=\"elementor-element elementor-element-7673db9b elementor-widget elementor-widget-heading\" data-id=\"7673db9b\" data-element_type=\"widget\" data-widget_type=\"heading.default\">\n\t\t\t\t<div class=\"elementor-widget-container\">\n\t\t\t<h2 class=\"elementor-heading-title elementor-size-default\">Home > Humanidad<\/h2>\t\t<\/div>\n\t\t\t\t<\/div>\n\t\t\t\t\t<\/div>\n\t\t\t\t<\/div>\n\t\t<div class=\"elementor-element elementor-element-7659236d e-flex e-con-boxed wpr-particle-no wpr-jarallax-no wpr-parallax-no wpr-sticky-section-no e-con e-parent\" data-id=\"7659236d\" data-element_type=\"container\">\n\t\t\t\t\t<div class=\"e-con-inner\">\n\t\t<div class=\"elementor-element elementor-element-22d48182 e-flex e-con-boxed wpr-particle-no wpr-jarallax-no wpr-parallax-no wpr-sticky-section-no elementor-invisible e-con e-child\" data-id=\"22d48182\" data-element_type=\"container\" data-settings=\"{&quot;animation&quot;:&quot;slideInRight&quot;}\">\n\t\t\t\t\t<div class=\"e-con-inner\">\n\t\t\t\t<div class=\"elementor-element elementor-element-2941e220 elementor-widget elementor-widget-text-editor\" data-id=\"2941e220\" data-element_type=\"widget\" data-widget_type=\"text-editor.default\">\n\t\t\t\t<div class=\"elementor-widget-container\">\n\t\t\t<style>\/*! elementor - v3.21.0 - 30-04-2024 *\/\n.elementor-widget-text-editor.elementor-drop-cap-view-stacked .elementor-drop-cap{background-color:#69727d;color:#fff}.elementor-widget-text-editor.elementor-drop-cap-view-framed .elementor-drop-cap{color:#69727d;border:3px solid;background-color:transparent}.elementor-widget-text-editor:not(.elementor-drop-cap-view-default) .elementor-drop-cap{margin-top:8px}.elementor-widget-text-editor:not(.elementor-drop-cap-view-default) .elementor-drop-cap-letter{width:1em;height:1em}.elementor-widget-text-editor .elementor-drop-cap{float:left;text-align:center;line-height:1;font-size:50px}.elementor-widget-text-editor .elementor-drop-cap-letter{display:inline-block}<\/style>\t\t\t\t<ul><li><strong>Shanga<\/strong>\u00a0(en Arusha): es una peque\u00f1a f\u00e1brica creada en 2007 donde personas discapacitadas hacen collares de tela y transforman botellas en piezas de decoraci\u00f3n m\u00e1gicas y atractivas.<\/li><li><strong>Visita a una escuela<\/strong>\u00a0(en Arusha, en Manyara): visita a una escuela de educaci\u00f3n primaria o secundaria en las regiones de Arusha o Manyara y tendr\u00e1s la oportunidad de compartir con estudiantes locales.<\/li><li><strong>Oportunidades de voluntariado<\/strong>\u00a0en monte Meru:<ul><li>*El ecoturismo de Meru Forest ofrece varias oportunidades para el trabajo voluntario dentro de sus fronteras y alrededor de la comunidad trabajando de la mano con la organizaci\u00f3n para la protecci\u00f3n del medio ambiente y el desarrollo econ\u00f3mico. No se requiere experiencia laboral previa para ser voluntario. Damos la bienvenida a voluntarios de todo el mundo para que vengan y trabajen con nosotros a corto y largo plazo. Para preparar a los voluntarios para el trabajo y aclimatarse a un nuevo entorno, nuestro equipo organizador ofrece orientaci\u00f3n de 3 d\u00edas al comienzo de la asistencia para ayudar a los voluntarios a comprender su \u00e1rea voluntaria, cultura e idioma elegidos en <a href=\"https:\/\/sensationofafrica.com\/es\/safari-en-tanzania\/\">Tanzania<\/a>. Ofrecemos voluntariado en los campos de la silvicultura, ense\u00f1anza trabajando junto a constructores para aulas de escuelas locales, parter\u00eda \/ enfermer\u00eda en nuestro dispensario local, microfinanzas, desarrollo y promoci\u00f3n de proyectos de aldeas comunitarias.<\/li><li><strong>Voluntariado en escuelas<\/strong>: Voluntariado para profesores de diferentes cursos en escuelas de educaci\u00f3n primaria o secundaria.<\/li><li><strong>Voluntariado en orfanatos<\/strong>: Personal sanitario o no sanitario que pueda colaborar con tareas en el orfanato.<\/li><li><strong>Voluntariado en hospitales o dispensarios locales<\/strong>: Licenciados en Medicina y Cirug\u00eda y\u00a0 Diplomados en Enfermer\u00eda (ya sean especializados o no), pueden realizar un voluntariado por un tiempo variable (desde una semana hasta un a\u00f1o o m\u00e1s) tanto en hospitales como en dispensarios locales.<\/li><\/ul><\/li><\/ul>\t\t\t\t\t\t<\/div>\n\t\t\t\t<\/div>\n\t\t\t\t<div class=\"elementor-element elementor-element-42626c95 elementor-widget elementor-widget-image\" data-id=\"42626c95\" data-element_type=\"widget\" data-widget_type=\"image.default\">\n\t\t\t\t<div class=\"elementor-widget-container\">\n\t\t\t<style>\/*! elementor - v3.21.0 - 30-04-2024 *\/\n.elementor-widget-image{text-align:center}.elementor-widget-image a{display:inline-block}.elementor-widget-image a img[src$=\".svg\"]{width:48px}.elementor-widget-image img{vertical-align:middle;display:inline-block}<\/style>\t\t\t\t\t\t\t\t\t\t<img fetchpriority=\"high\" decoding=\"async\" width=\"1280\" height=\"850\" src=\"https:\/\/sensationofafrica.com\/es\/wp-content\/uploads\/2024\/11\/Mollel.jpg\" class=\"attachment-full size-full wp-image-1499\" alt=\"\" srcset=\"https:\/\/sensationofafrica.com\/es\/wp-content\/uploads\/2024\/11\/Mollel.jpg 1280w, https:\/\/sensationofafrica.com\/es\/wp-content\/uploads\/2024\/11\/Mollel-300x199.jpg 300w, https:\/\/sensationofafrica.com\/es\/wp-content\/uploads\/2024\/11\/Mollel-1024x680.jpg 1024w, https:\/\/sensationofafrica.com\/es\/wp-content\/uploads\/2024\/11\/Mollel-768x510.jpg 768w\" sizes=\"(max-width: 1280px) 100vw, 1280px\" \/>\t\t\t\t\t\t\t\t\t\t\t\t\t<\/div>\n\t\t\t\t<\/div>\n\t\t\t\t\t<\/div>\n\t\t\t\t<\/div>\n\t\t\t\t\t<\/div>\n\t\t\t\t<\/div>\n\t\t<div class=\"elementor-element elementor-element-5aa07a1e e-flex e-con-boxed wpr-particle-no wpr-jarallax-no wpr-parallax-no wpr-sticky-section-no e-con e-parent\" data-id=\"5aa07a1e\" data-element_type=\"container\">\n\t\t\t\t\t<div class=\"e-con-inner\">\n\t\t<div class=\"elementor-element elementor-element-7c5651dc e-flex e-con-boxed wpr-particle-no wpr-jarallax-no wpr-parallax-no wpr-sticky-section-no elementor-invisible e-con e-child\" data-id=\"7c5651dc\" data-element_type=\"container\" data-settings=\"{&quot;animation&quot;:&quot;slideInRight&quot;}\">\n\t\t\t\t\t<div class=\"e-con-inner\">\n\t\t\t\t<div class=\"elementor-element elementor-element-75d0aeb9 elementor-widget elementor-widget-bdt-call-out\" data-id=\"75d0aeb9\" data-element_type=\"widget\" data-widget_type=\"bdt-call-out.default\">\n\t\t\t\t<div class=\"elementor-widget-container\">\n\t\t\t\t\t<div class=\"bdt-ep-callout bdt-ep-callout-button-align-right bdt-grid bdt-grid-large bdt-flex-middle\">\r\n\t\t\t<div class=\"bdt-width-expand bdt-first-column\">\r\n\t\t\t\t\t\t\t\t\t<h3\t\t\t\t\t\tclass=\"bdt-ep-callout-title\">\r\n\t\t\t\t\t\tCelebrando la Humanidad en Tanzania\t\t\t\t\t<\/h3>\r\n\t\t\t\t\t\t\t\t\t\t\t\t\t<div class=\"bdt-ep-callout-description\">\r\n\t\t\t\t\t\tConoce el esp\u00edritu de Tanzania a trav\u00e9s de sus comunidades, su calidez y su conexi\u00f3n con la tradici\u00f3n. Descubre c\u00f3mo la humanidad florece en la diversidad y la uni\u00f3n de sus pueblos.\t\t\t\t\t<\/div>\r\n\t\t\t\t\t\t\t<\/div>\r\n\r\n\t\t\t<div class=\"bdt-width-auto@m\">\r\n\t\t\t\t<a href=\"https:\/\/sensationofafrica.com\/es\/contacto\/\" class=\"bdt-ep-callout-button\">\r\n\r\n\t\t\t\t\t<span class=\"bdt-flex bdt-flex-middle\">\r\n\r\n\t\t\t\t\t\tCon\u00e9ctate con Tanzania\r\n\t\t\t\t\t\t\t\t\t\t\t\t\t<span\r\n\t\t\t\t\t\t\t\tclass=\"bdt-ep-callout-button-icon bdt-flex-align-right\">\r\n\r\n\t\t\t\t\t\t\t\t<svg aria-hidden=\"true\" class=\"fa-fw e-font-icon-svg e-fas-angle-double-right\" viewBox=\"0 0 448 512\" xmlns=\"http:\/\/www.w3.org\/2000\/svg\"><path d=\"M224.3 273l-136 136c-9.4 9.4-24.6 9.4-33.9 0l-22.6-22.6c-9.4-9.4-9.4-24.6 0-33.9l96.4-96.4-96.4-96.4c-9.4-9.4-9.4-24.6 0-33.9L54.3 103c9.4-9.4 24.6-9.4 33.9 0l136 136c9.5 9.4 9.5 24.6.1 34zm192-34l-136-136c-9.4-9.4-24.6-9.4-33.9 0l-22.6 22.6c-9.4 9.4-9.4 24.6 0 33.9l96.4 96.4-96.4 96.4c-9.4 9.4-9.4 24.6 0 33.9l22.6 22.6c9.4 9.4 24.6 9.4 33.9 0l136-136c9.4-9.2 9.4-24.4 0-33.8z\"><\/path><\/svg>\r\n\t\t\t\t\t\t\t<\/span>\r\n\t\t\t\t\t\t\t\t\t\t\t<\/span>\r\n\r\n\t\t\t\t<\/a>\r\n\t\t\t<\/div>\r\n\t\t<\/div>\r\n\t\t\t\t<\/div>\n\t\t\t\t<\/div>\n\t\t\t\t\t<\/div>\n\t\t\t\t<\/div>\n\t\t\t\t\t<\/div>\n\t\t\t\t<\/div>\n\t\t\t\t<\/div>\n\t\t","protected":false},"excerpt":{"rendered":"<p>Humanidad Home &gt; Humanidad Shanga\u00a0(en Arusha): es una peque\u00f1a f\u00e1brica creada en 2007 donde personas discapacitadas hacen collares de tela y transforman botellas en piezas de decoraci\u00f3n m\u00e1gicas y atractivas. Visita a una escuela\u00a0(en Arusha, en Manyara): visita a una escuela de educaci\u00f3n primaria o secundaria en las regiones de Arusha o Manyara y tendr\u00e1s [&hellip;]<\/p>\n","protected":false},"author":1,"featured_media":1495,"parent":0,"menu_order":0,"comment_status":"closed","ping_status":"closed","template":"elementor_header_footer","meta":{"_joinchat":[],"footnotes":""},"class_list":["post-1492","page","type-page","status-publish","has-post-thumbnail","hentry"],"yoast_head":"<!-- This site is optimized with the Yoast SEO Premium plugin v24.5 (Yoast SEO v24.6) - https:\/\/yoast.com\/wordpress\/plugins\/seo\/ -->\n<title>Humanidad - Sensation of Africa<\/title>\n<meta name=\"description\" content=\"Humanidad: Conoce el esp\u00edritu de Tanzania a trav\u00e9s de sus comunidades, su calidez y su conexi\u00f3n con la tradici\u00f3n.\" \/>\n<meta name=\"robots\" content=\"index, follow, max-snippet:-1, max-image-preview:large, max-video-preview:-1\" \/>\n<link rel=\"canonical\" href=\"https:\/\/sensationofafrica.com\/es\/humanidad\/\" \/>\n<meta property=\"og:locale\" content=\"en_US\" \/>\n<meta property=\"og:type\" content=\"article\" \/>\n<meta property=\"og:title\" content=\"Humanidad\" \/>\n<meta property=\"og:description\" content=\"Humanidad: Conoce el esp\u00edritu de Tanzania a trav\u00e9s de sus comunidades, su calidez y su conexi\u00f3n con la tradici\u00f3n.\" \/>\n<meta property=\"og:url\" content=\"https:\/\/sensationofafrica.com\/es\/humanidad\/\" \/>\n<meta property=\"og:site_name\" content=\"Sensation of Africa\" \/>\n<meta property=\"article:publisher\" content=\"https:\/\/www.facebook.com\/sensationofafrica\" \/>\n<meta property=\"article:modified_time\" content=\"2025-03-03T17:02:56+00:00\" \/>\n<meta property=\"og:image\" content=\"https:\/\/sensationofafrica.com\/es\/wp-content\/uploads\/2024\/11\/humanidad.jpg\" \/>\n\t<meta property=\"og:image:width\" content=\"1200\" \/>\n\t<meta property=\"og:image:height\" content=\"675\" \/>\n\t<meta property=\"og:image:type\" content=\"image\/jpeg\" \/>\n<meta name=\"twitter:card\" content=\"summary_large_image\" \/>\n<meta name=\"twitter:label1\" content=\"Est. reading time\" \/>\n\t<meta name=\"twitter:data1\" content=\"2 minutes\" \/>\n<script type=\"application\/ld+json\" class=\"yoast-schema-graph\">{\"@context\":\"https:\/\/schema.org\",\"@graph\":[{\"@type\":\"WebPage\",\"@id\":\"https:\/\/sensationofafrica.com\/es\/humanidad\/\",\"url\":\"https:\/\/sensationofafrica.com\/es\/humanidad\/\",\"name\":\"Humanidad - Sensation of Africa\",\"isPartOf\":{\"@id\":\"https:\/\/sensationofafrica.com\/es\/#website\"},\"primaryImageOfPage\":{\"@id\":\"https:\/\/sensationofafrica.com\/es\/humanidad\/#primaryimage\"},\"image\":{\"@id\":\"https:\/\/sensationofafrica.com\/es\/humanidad\/#primaryimage\"},\"thumbnailUrl\":\"https:\/\/sensationofafrica.com\/es\/wp-content\/uploads\/2024\/11\/humanidad.jpg\",\"datePublished\":\"2024-11-19T17:55:59+00:00\",\"dateModified\":\"2025-03-03T17:02:56+00:00\",\"description\":\"Humanidad: Conoce el esp\u00edritu de Tanzania a trav\u00e9s de sus comunidades, su calidez y su conexi\u00f3n con la tradici\u00f3n.\",\"breadcrumb\":{\"@id\":\"https:\/\/sensationofafrica.com\/es\/humanidad\/#breadcrumb\"},\"inLanguage\":\"en-US\",\"potentialAction\":[{\"@type\":\"ReadAction\",\"target\":[\"https:\/\/sensationofafrica.com\/es\/humanidad\/\"]}]},{\"@type\":\"ImageObject\",\"inLanguage\":\"en-US\",\"@id\":\"https:\/\/sensationofafrica.com\/es\/humanidad\/#primaryimage\",\"url\":\"https:\/\/sensationofafrica.com\/es\/wp-content\/uploads\/2024\/11\/humanidad.jpg\",\"contentUrl\":\"https:\/\/sensationofafrica.com\/es\/wp-content\/uploads\/2024\/11\/humanidad.jpg\",\"width\":1200,\"height\":675},{\"@type\":\"BreadcrumbList\",\"@id\":\"https:\/\/sensationofafrica.com\/es\/humanidad\/#breadcrumb\",\"itemListElement\":[{\"@type\":\"ListItem\",\"position\":1,\"name\":\"Home\",\"item\":\"https:\/\/sensationofafrica.com\/es\/\"},{\"@type\":\"ListItem\",\"position\":2,\"name\":\"Humanidad\"}]},{\"@type\":\"WebSite\",\"@id\":\"https:\/\/sensationofafrica.com\/es\/#website\",\"url\":\"https:\/\/sensationofafrica.com\/es\/\",\"name\":\"Sensation of Africa\",\"description\":\"Viajes a la Libertad Natural | Safaris en Tanzania | Senderismo en el Kilimanjaro | Vacaciones en la playa de Zanz\u00edbar\",\"publisher\":{\"@id\":\"https:\/\/sensationofafrica.com\/es\/#organization\"},\"potentialAction\":[{\"@type\":\"SearchAction\",\"target\":{\"@type\":\"EntryPoint\",\"urlTemplate\":\"https:\/\/sensationofafrica.com\/es\/?s={search_term_string}\"},\"query-input\":{\"@type\":\"PropertyValueSpecification\",\"valueRequired\":true,\"valueName\":\"search_term_string\"}}],\"inLanguage\":\"en-US\"},{\"@type\":\"Organization\",\"@id\":\"https:\/\/sensationofafrica.com\/es\/#organization\",\"name\":\"Sensation of Africa\",\"url\":\"https:\/\/sensationofafrica.com\/es\/\",\"logo\":{\"@type\":\"ImageObject\",\"inLanguage\":\"en-US\",\"@id\":\"https:\/\/sensationofafrica.com\/es\/#\/schema\/logo\/image\/\",\"url\":\"https:\/\/sensationofafrica.com\/es\/wp-content\/uploads\/2024\/05\/Logo-sensation.png\",\"contentUrl\":\"https:\/\/sensationofafrica.com\/es\/wp-content\/uploads\/2024\/05\/Logo-sensation.png\",\"width\":6688,\"height\":4470,\"caption\":\"Sensation of Africa\"},\"image\":{\"@id\":\"https:\/\/sensationofafrica.com\/es\/#\/schema\/logo\/image\/\"},\"sameAs\":[\"https:\/\/www.facebook.com\/sensationofafrica\",\"https:\/\/www.instagram.com\/sensationofafrica\/\",\"https:\/\/tz.linkedin.com\/company\/sensation-of-africa\",\"https:\/\/www.youtube.com\/channel\/UCDglL5NNAQUJ310spnRFHxA\"]}]}<\/script>\n<!-- \/ Yoast SEO Premium plugin. -->","yoast_head_json":{"title":"Humanidad - Sensation of Africa","description":"Humanidad: Conoce el esp\u00edritu de Tanzania a trav\u00e9s de sus comunidades, su calidez y su conexi\u00f3n con la tradici\u00f3n.","robots":{"index":"index","follow":"follow","max-snippet":"max-snippet:-1","max-image-preview":"max-image-preview:large","max-video-preview":"max-video-preview:-1"},"canonical":"https:\/\/sensationofafrica.com\/es\/humanidad\/","og_locale":"en_US","og_type":"article","og_title":"Humanidad","og_description":"Humanidad: Conoce el esp\u00edritu de Tanzania a trav\u00e9s de sus comunidades, su calidez y su conexi\u00f3n con la tradici\u00f3n.","og_url":"https:\/\/sensationofafrica.com\/es\/humanidad\/","og_site_name":"Sensation of Africa","article_publisher":"https:\/\/www.facebook.com\/sensationofafrica","article_modified_time":"2025-03-03T17:02:56+00:00","og_image":[{"width":1200,"height":675,"url":"https:\/\/sensationofafrica.com\/es\/wp-content\/uploads\/2024\/11\/humanidad.jpg","type":"image\/jpeg"}],"twitter_card":"summary_large_image","twitter_misc":{"Est. reading time":"2 minutes"},"schema":{"@context":"https:\/\/schema.org","@graph":[{"@type":"WebPage","@id":"https:\/\/sensationofafrica.com\/es\/humanidad\/","url":"https:\/\/sensationofafrica.com\/es\/humanidad\/","name":"Humanidad - Sensation of Africa","isPartOf":{"@id":"https:\/\/sensationofafrica.com\/es\/#website"},"primaryImageOfPage":{"@id":"https:\/\/sensationofafrica.com\/es\/humanidad\/#primaryimage"},"image":{"@id":"https:\/\/sensationofafrica.com\/es\/humanidad\/#primaryimage"},"thumbnailUrl":"https:\/\/sensationofafrica.com\/es\/wp-content\/uploads\/2024\/11\/humanidad.jpg","datePublished":"2024-11-19T17:55:59+00:00","dateModified":"2025-03-03T17:02:56+00:00","description":"Humanidad: Conoce el esp\u00edritu de Tanzania a trav\u00e9s de sus comunidades, su calidez y su conexi\u00f3n con la tradici\u00f3n.","breadcrumb":{"@id":"https:\/\/sensationofafrica.com\/es\/humanidad\/#breadcrumb"},"inLanguage":"en-US","potentialAction":[{"@type":"ReadAction","target":["https:\/\/sensationofafrica.com\/es\/humanidad\/"]}]},{"@type":"ImageObject","inLanguage":"en-US","@id":"https:\/\/sensationofafrica.com\/es\/humanidad\/#primaryimage","url":"https:\/\/sensationofafrica.com\/es\/wp-content\/uploads\/2024\/11\/humanidad.jpg","contentUrl":"https:\/\/sensationofafrica.com\/es\/wp-content\/uploads\/2024\/11\/humanidad.jpg","width":1200,"height":675},{"@type":"BreadcrumbList","@id":"https:\/\/sensationofafrica.com\/es\/humanidad\/#breadcrumb","itemListElement":[{"@type":"ListItem","position":1,"name":"Home","item":"https:\/\/sensationofafrica.com\/es\/"},{"@type":"ListItem","position":2,"name":"Humanidad"}]},{"@type":"WebSite","@id":"https:\/\/sensationofafrica.com\/es\/#website","url":"https:\/\/sensationofafrica.com\/es\/","name":"Sensation of Africa","description":"Viajes a la Libertad Natural | Safaris en Tanzania | Senderismo en el Kilimanjaro | Vacaciones en la playa de Zanz\u00edbar","publisher":{"@id":"https:\/\/sensationofafrica.com\/es\/#organization"},"potentialAction":[{"@type":"SearchAction","target":{"@type":"EntryPoint","urlTemplate":"https:\/\/sensationofafrica.com\/es\/?s={search_term_string}"},"query-input":{"@type":"PropertyValueSpecification","valueRequired":true,"valueName":"search_term_string"}}],"inLanguage":"en-US"},{"@type":"Organization","@id":"https:\/\/sensationofafrica.com\/es\/#organization","name":"Sensation of Africa","url":"https:\/\/sensationofafrica.com\/es\/","logo":{"@type":"ImageObject","inLanguage":"en-US","@id":"https:\/\/sensationofafrica.com\/es\/#\/schema\/logo\/image\/","url":"https:\/\/sensationofafrica.com\/es\/wp-content\/uploads\/2024\/05\/Logo-sensation.png","contentUrl":"https:\/\/sensationofafrica.com\/es\/wp-content\/uploads\/2024\/05\/Logo-sensation.png","width":6688,"height":4470,"caption":"Sensation of Africa"},"image":{"@id":"https:\/\/sensationofafrica.com\/es\/#\/schema\/logo\/image\/"},"sameAs":["https:\/\/www.facebook.com\/sensationofafrica","https:\/\/www.instagram.com\/sensationofafrica\/","https:\/\/tz.linkedin.com\/company\/sensation-of-africa","https:\/\/www.youtube.com\/channel\/UCDglL5NNAQUJ310spnRFHxA"]}]}},"_links":{"self":[{"href":"https:\/\/sensationofafrica.com\/es\/wp-json\/wp\/v2\/pages\/1492","targetHints":{"allow":["GET"]}}],"collection":[{"href":"https:\/\/sensationofafrica.com\/es\/wp-json\/wp\/v2\/pages"}],"about":[{"href":"https:\/\/sensationofafrica.com\/es\/wp-json\/wp\/v2\/types\/page"}],"author":[{"embeddable":true,"href":"https:\/\/sensationofafrica.com\/es\/wp-json\/wp\/v2\/users\/1"}],"replies":[{"embeddable":true,"href":"https:\/\/sensationofafrica.com\/es\/wp-json\/wp\/v2\/comments?post=1492"}],"version-history":[{"count":18,"href":"https:\/\/sensationofafrica.com\/es\/wp-json\/wp\/v2\/pages\/1492\/revisions"}],"predecessor-version":[{"id":6745,"href":"https:\/\/sensationofafrica.com\/es\/wp-json\/wp\/v2\/pages\/1492\/revisions\/6745"}],"wp:featuredmedia":[{"embeddable":true,"href":"https:\/\/sensationofafrica.com\/es\/wp-json\/wp\/v2\/media\/1495"}],"wp:attachment":[{"href":"https:\/\/sensationofafrica.com\/es\/wp-json\/wp\/v2\/media?parent=1492"}],"curies":[{"name":"wp","href":"https:\/\/api.w.org\/{rel}","templated":true}]}}