{"id":1330,"date":"2024-11-19T11:54:06","date_gmt":"2024-11-19T11:54:06","guid":{"rendered":"https:\/\/sensation.computersprings.com\/?page_id=1330"},"modified":"2025-03-06T08:52:41","modified_gmt":"2025-03-06T08:52:41","slug":"visita-un-poblado-maasai-en-monte-meru","status":"publish","type":"page","link":"https:\/\/sensationofafrica.com\/es\/visita-un-poblado-maasai-en-monte-meru\/","title":{"rendered":"Visita un poblado Maasai en monte Meru"},"content":{"rendered":"\t\t<div data-elementor-type=\"wp-page\" data-elementor-id=\"1330\" class=\"elementor elementor-1330\" data-elementor-post-type=\"page\">\n\t\t\t\t<div class=\"elementor-element elementor-element-125d7d24 e-flex e-con-boxed wpr-particle-no wpr-jarallax-no wpr-parallax-no wpr-sticky-section-no e-con e-parent\" data-id=\"125d7d24\" data-element_type=\"container\" data-settings=\"{&quot;background_background&quot;:&quot;classic&quot;}\">\n\t\t\t\t\t<div class=\"e-con-inner\">\n\t\t\t\t<div class=\"elementor-element elementor-element-16d745bc elementor-widget elementor-widget-heading\" data-id=\"16d745bc\" data-element_type=\"widget\" data-widget_type=\"heading.default\">\n\t\t\t\t<div class=\"elementor-widget-container\">\n\t\t\t<style>\/*! elementor - v3.21.0 - 30-04-2024 *\/\n.elementor-heading-title{padding:0;margin:0;line-height:1}.elementor-widget-heading .elementor-heading-title[class*=elementor-size-]>a{color:inherit;font-size:inherit;line-height:inherit}.elementor-widget-heading .elementor-heading-title.elementor-size-small{font-size:15px}.elementor-widget-heading .elementor-heading-title.elementor-size-medium{font-size:19px}.elementor-widget-heading .elementor-heading-title.elementor-size-large{font-size:29px}.elementor-widget-heading .elementor-heading-title.elementor-size-xl{font-size:39px}.elementor-widget-heading .elementor-heading-title.elementor-size-xxl{font-size:59px}<\/style><h1 class=\"elementor-heading-title elementor-size-default\">Visita un poblado Maasai en monte Meru<\/h1>\t\t<\/div>\n\t\t\t\t<\/div>\n\t\t\t\t<div class=\"elementor-element elementor-element-11c0cbca elementor-widget elementor-widget-heading\" data-id=\"11c0cbca\" data-element_type=\"widget\" data-widget_type=\"heading.default\">\n\t\t\t\t<div class=\"elementor-widget-container\">\n\t\t\t<h2 class=\"elementor-heading-title elementor-size-default\">Home > Visita un poblado Maasai<\/h2>\t\t<\/div>\n\t\t\t\t<\/div>\n\t\t\t\t\t<\/div>\n\t\t\t\t<\/div>\n\t\t<div class=\"elementor-element elementor-element-cfea794 e-flex e-con-boxed wpr-particle-no wpr-jarallax-no wpr-parallax-no wpr-sticky-section-no e-con e-parent\" data-id=\"cfea794\" data-element_type=\"container\">\n\t\t\t\t\t<div class=\"e-con-inner\">\n\t\t<div class=\"elementor-element elementor-element-8d5780a e-flex e-con-boxed wpr-particle-no wpr-jarallax-no wpr-parallax-no wpr-sticky-section-no elementor-invisible e-con e-child\" data-id=\"8d5780a\" data-element_type=\"container\" data-settings=\"{&quot;animation&quot;:&quot;slideInRight&quot;}\">\n\t\t\t\t\t<div class=\"e-con-inner\">\n\t\t<div class=\"elementor-element elementor-element-1df748b e-grid e-con-boxed wpr-particle-no wpr-jarallax-no wpr-parallax-no wpr-sticky-section-no e-con e-child\" data-id=\"1df748b\" data-element_type=\"container\">\n\t\t\t\t\t<div class=\"e-con-inner\">\n\t\t\t\t<div class=\"elementor-element elementor-element-cee650b elementor-widget elementor-widget-text-editor\" data-id=\"cee650b\" data-element_type=\"widget\" data-widget_type=\"text-editor.default\">\n\t\t\t\t<div class=\"elementor-widget-container\">\n\t\t\t<style>\/*! elementor - v3.21.0 - 30-04-2024 *\/\n.elementor-widget-text-editor.elementor-drop-cap-view-stacked .elementor-drop-cap{background-color:#69727d;color:#fff}.elementor-widget-text-editor.elementor-drop-cap-view-framed .elementor-drop-cap{color:#69727d;border:3px solid;background-color:transparent}.elementor-widget-text-editor:not(.elementor-drop-cap-view-default) .elementor-drop-cap{margin-top:8px}.elementor-widget-text-editor:not(.elementor-drop-cap-view-default) .elementor-drop-cap-letter{width:1em;height:1em}.elementor-widget-text-editor .elementor-drop-cap{float:left;text-align:center;line-height:1;font-size:50px}.elementor-widget-text-editor .elementor-drop-cap-letter{display:inline-block}<\/style>\t\t\t\t<h2 style=\"text-align: center;\"><strong><span style=\"color: #800000;\">La tribu Maasai de Monte Meru<\/span><\/strong><\/h2><div class=\"flex-1 overflow-hidden @container\/thread\"><div class=\"h-full\"><div class=\"react-scroll-to-bottom--css-aunuj-79elbk h-full\"><div class=\"react-scroll-to-bottom--css-aunuj-1n7m0yu\"><div class=\"flex flex-col text-sm md:pb-9\"><article class=\"w-full scroll-mb-[var(--thread-trailing-height,150px)] text-token-text-primary focus-visible:outline-2 focus-visible:outline-offset-[-4px]\" dir=\"auto\" data-testid=\"conversation-turn-23\" data-scroll-anchor=\"true\"><div class=\"m-auto text-base py-[18px] px-3 md:px-4 w-full md:px-5 lg:px-4 xl:px-5\"><div class=\"mx-auto flex flex-1 gap-4 text-base md:gap-5 lg:gap-6 md:max-w-3xl\"><div class=\"group\/conversation-turn relative flex w-full min-w-0 flex-col agent-turn\"><div class=\"flex-col gap-1 md:gap-3\"><div class=\"flex max-w-full flex-col flex-grow\"><div class=\"min-h-8 text-message flex w-full flex-col items-end gap-2 whitespace-normal break-words text-start [.text-message+&amp;]:mt-5\" dir=\"auto\" data-message-author-role=\"assistant\" data-message-id=\"e93ce2c8-6efc-489d-ad80-f7d6cb912062\" data-message-model-slug=\"gpt-4o-mini\"><div class=\"flex w-full flex-col gap-1 empty:hidden first:pt-[3px]\"><div class=\"markdown prose w-full break-words dark:prose-invert light\"><p>Las tribus Maasai en Monte Meru, Arusha, siguen una vida centrada en el pastoreo n\u00f3mada, aunque algunas subtribus practican tambi\u00e9n la agricultura.<\/p><p>Su econom\u00eda depende principalmente de las vacas, que les proporcionan leche, carne y productos derivados como cuero y cuerdas.<\/p><p>Viven en &#8220;manyattas&#8221;, asentamientos circulares de casas llamadas &#8220;bomas&#8221;, hechas de ramas y barro, y rodeadas de cercas para proteger al ganado.<\/p><p>En cuanto a sus creencias, los Maasai practican una religi\u00f3n monote\u00edsta centrada en Enkai, el Dios supremo, y consideran sagrados tanto las vacas como la tierra.<\/p><p>Su estructura social est\u00e1 organizada en clanes jer\u00e1rquicos con guerreros, ancianos y jefes de familia. Los guerreros protegen la tribu, mientras que los ancianos toman las decisiones importantes. Los matrimonios son pol\u00edgamos, y la dote se paga en ganado.<\/p><p>Culturalmente, los Maasai se distinguen por su vestimenta de colores brillantes, como el rojo y el azul, y se adornan con collares de cuentas y filamentos de cobre, que indican su estatus social.<\/p><p>Las danzas y cantos son fundamentales en sus celebraciones. Aunque siguen siendo profundamente tradicionales, los Maasai de Monte Meru tambi\u00e9n enfrentan los desaf\u00edos de la modernidad y el cambio clim\u00e1tico, adapt\u00e1ndose a nuevas realidades mientras preservan su identidad cultural.<\/p><\/div><\/div><\/div><\/div><\/div><\/div><\/div><\/div><\/article><\/div><\/div><\/div><\/div><\/div>\t\t\t\t\t\t<\/div>\n\t\t\t\t<\/div>\n\t\t\t\t<div class=\"elementor-element elementor-element-4931153 elementor-widget elementor-widget-image\" data-id=\"4931153\" data-element_type=\"widget\" data-widget_type=\"image.default\">\n\t\t\t\t<div class=\"elementor-widget-container\">\n\t\t\t<style>\/*! elementor - v3.21.0 - 30-04-2024 *\/\n.elementor-widget-image{text-align:center}.elementor-widget-image a{display:inline-block}.elementor-widget-image a img[src$=\".svg\"]{width:48px}.elementor-widget-image img{vertical-align:middle;display:inline-block}<\/style>\t\t\t\t\t\t\t\t\t\t<img fetchpriority=\"high\" decoding=\"async\" width=\"2008\" height=\"2560\" src=\"https:\/\/sensationofafrica.com\/es\/wp-content\/uploads\/2025\/01\/ElmMurcia_TRAVEL23-576-scaled.jpg\" class=\"attachment-full size-full wp-image-6538\" alt=\"\" srcset=\"https:\/\/sensationofafrica.com\/es\/wp-content\/uploads\/2025\/01\/ElmMurcia_TRAVEL23-576-scaled.jpg 2008w, https:\/\/sensationofafrica.com\/es\/wp-content\/uploads\/2025\/01\/ElmMurcia_TRAVEL23-576-235x300.jpg 235w, https:\/\/sensationofafrica.com\/es\/wp-content\/uploads\/2025\/01\/ElmMurcia_TRAVEL23-576-803x1024.jpg 803w, https:\/\/sensationofafrica.com\/es\/wp-content\/uploads\/2025\/01\/ElmMurcia_TRAVEL23-576-768x979.jpg 768w, https:\/\/sensationofafrica.com\/es\/wp-content\/uploads\/2025\/01\/ElmMurcia_TRAVEL23-576-1205x1536.jpg 1205w, https:\/\/sensationofafrica.com\/es\/wp-content\/uploads\/2025\/01\/ElmMurcia_TRAVEL23-576-1606x2048.jpg 1606w\" sizes=\"(max-width: 2008px) 100vw, 2008px\" \/>\t\t\t\t\t\t\t\t\t\t\t\t\t<\/div>\n\t\t\t\t<\/div>\n\t\t\t\t\t<\/div>\n\t\t\t\t<\/div>\n\t\t\t\t\t<\/div>\n\t\t\t\t<\/div>\n\t\t\t\t\t<\/div>\n\t\t\t\t<\/div>\n\t\t<div class=\"elementor-element elementor-element-7df8eb2 e-flex e-con-boxed wpr-particle-no wpr-jarallax-no wpr-parallax-no wpr-sticky-section-no e-con e-parent\" data-id=\"7df8eb2\" data-element_type=\"container\">\n\t\t\t\t\t<div class=\"e-con-inner\">\n\t\t<div class=\"elementor-element elementor-element-7271d50 e-flex e-con-boxed wpr-particle-no wpr-jarallax-no wpr-parallax-no wpr-sticky-section-no elementor-invisible e-con e-child\" data-id=\"7271d50\" data-element_type=\"container\" data-settings=\"{&quot;animation&quot;:&quot;slideInRight&quot;}\">\n\t\t\t\t\t<div class=\"e-con-inner\">\n\t\t<div class=\"elementor-element elementor-element-6a54d8c e-grid e-con-boxed wpr-particle-no wpr-jarallax-no wpr-parallax-no wpr-sticky-section-no e-con e-child\" data-id=\"6a54d8c\" data-element_type=\"container\">\n\t\t\t\t\t<div class=\"e-con-inner\">\n\t\t\t\t<div class=\"elementor-element elementor-element-0fd1782 elementor-widget elementor-widget-image\" data-id=\"0fd1782\" data-element_type=\"widget\" data-widget_type=\"image.default\">\n\t\t\t\t<div class=\"elementor-widget-container\">\n\t\t\t\t\t\t\t\t\t\t\t\t\t<img decoding=\"async\" width=\"1030\" height=\"687\" src=\"https:\/\/sensationofafrica.com\/es\/wp-content\/uploads\/2024\/11\/tribus-tanzania-1030x687-1.jpg\" class=\"attachment-full size-full wp-image-2021\" alt=\"\" srcset=\"https:\/\/sensationofafrica.com\/es\/wp-content\/uploads\/2024\/11\/tribus-tanzania-1030x687-1.jpg 1030w, https:\/\/sensationofafrica.com\/es\/wp-content\/uploads\/2024\/11\/tribus-tanzania-1030x687-1-300x200.jpg 300w, https:\/\/sensationofafrica.com\/es\/wp-content\/uploads\/2024\/11\/tribus-tanzania-1030x687-1-1024x683.jpg 1024w, https:\/\/sensationofafrica.com\/es\/wp-content\/uploads\/2024\/11\/tribus-tanzania-1030x687-1-768x512.jpg 768w\" sizes=\"(max-width: 1030px) 100vw, 1030px\" \/>\t\t\t\t\t\t\t\t\t\t\t\t\t<\/div>\n\t\t\t\t<\/div>\n\t\t\t\t<div class=\"elementor-element elementor-element-3250eca elementor-widget elementor-widget-text-editor\" data-id=\"3250eca\" data-element_type=\"widget\" data-widget_type=\"text-editor.default\">\n\t\t\t\t<div class=\"elementor-widget-container\">\n\t\t\t\t\t\t\t<h3 style=\"text-align: center;\"><strong><span style=\"color: #800000;\">Visita el poblado Maasai en Monte Meru<\/span><\/strong><\/h3><p>Visitaremos la gente local, cantaremos y bailaremos con ellos y aprenderemos sobre su estilo de vida en los pueblos africanos t\u00edpicos. El gu\u00eda local de la comunidad nos llevar\u00e1 a una enorme higuera utilizada como lugar de adoraci\u00f3n sagrada. Escucharemos historias acerca de estos majestuosos \u00e1rboles y aprenderemos c\u00f3mo dan ofrendas a los dioses.<\/p><p>Seguiremos el recorrido hacia granjas locales, hogares Maasai, herbolarios y parteras que compartir\u00e1n su conocimiento para identificar el medicamento adecuado para curar a las personas usando plantas locales. El recorrido terminar\u00e1 con un almuerzo tradicional preparado por el grupo de mujeres Naramatisho.<\/p><p>El recorrido tambi\u00e9n incluye la visita a las escuelas locales para conocer el sistema educativo y otros proyectos comunitarios.<\/p>\t\t\t\t\t\t<\/div>\n\t\t\t\t<\/div>\n\t\t\t\t\t<\/div>\n\t\t\t\t<\/div>\n\t\t\t\t\t<\/div>\n\t\t\t\t<\/div>\n\t\t\t\t\t<\/div>\n\t\t\t\t<\/div>\n\t\t<div class=\"elementor-element elementor-element-419581c e-flex e-con-boxed wpr-particle-no wpr-jarallax-no wpr-parallax-no wpr-sticky-section-no e-con e-parent\" data-id=\"419581c\" data-element_type=\"container\">\n\t\t\t\t\t<div class=\"e-con-inner\">\n\t\t<div class=\"elementor-element elementor-element-5656f17 e-flex e-con-boxed wpr-particle-no wpr-jarallax-no wpr-parallax-no wpr-sticky-section-no elementor-invisible e-con e-child\" data-id=\"5656f17\" data-element_type=\"container\" data-settings=\"{&quot;animation&quot;:&quot;slideInRight&quot;}\">\n\t\t\t\t\t<div class=\"e-con-inner\">\n\t\t\t\t<div class=\"elementor-element elementor-element-495d06b elementor-widget elementor-widget-bdt-call-out\" data-id=\"495d06b\" data-element_type=\"widget\" data-widget_type=\"bdt-call-out.default\">\n\t\t\t\t<div class=\"elementor-widget-container\">\n\t\t\t\t\t<div class=\"bdt-ep-callout bdt-ep-callout-button-align-right bdt-grid bdt-grid-large bdt-flex-middle\">\r\n\t\t\t<div class=\"bdt-width-expand bdt-first-column\">\r\n\t\t\t\t\t\t\t\t\t<h3\t\t\t\t\t\tclass=\"bdt-ep-callout-title\">\r\n\t\t\t\t\t\tExplora las Tribus de Tanzania\t\t\t\t\t<\/h3>\r\n\t\t\t\t\t\t\t\t\t\t\t\t\t<div class=\"bdt-ep-callout-description\">\r\n\t\t\t\t\t\tDescubre la riqueza cultural de Tanzania a trav\u00e9s de sus m\u00e1s de 120 tribus. Con\u00e9ctate con sus tradiciones, historias y estilos de vida \u00fanicos que hacen de este pa\u00eds un lugar extraordinario.\t\t\t\t\t<\/div>\r\n\t\t\t\t\t\t\t<\/div>\r\n\r\n\t\t\t<div class=\"bdt-width-auto@m\">\r\n\t\t\t\t<a href=\"https:\/\/sensationofafrica.com\/es\/contacto\/\" class=\"bdt-ep-callout-button\">\r\n\r\n\t\t\t\t\t<span class=\"bdt-flex bdt-flex-middle\">\r\n\r\n\t\t\t\t\t\tDescubre M\u00e1s\r\n\t\t\t\t\t\t\t\t\t\t\t\t\t<span\r\n\t\t\t\t\t\t\t\tclass=\"bdt-ep-callout-button-icon bdt-flex-align-right\">\r\n\r\n\t\t\t\t\t\t\t\t<svg aria-hidden=\"true\" class=\"fa-fw e-font-icon-svg e-fas-angle-double-right\" viewBox=\"0 0 448 512\" xmlns=\"http:\/\/www.w3.org\/2000\/svg\"><path d=\"M224.3 273l-136 136c-9.4 9.4-24.6 9.4-33.9 0l-22.6-22.6c-9.4-9.4-9.4-24.6 0-33.9l96.4-96.4-96.4-96.4c-9.4-9.4-9.4-24.6 0-33.9L54.3 103c9.4-9.4 24.6-9.4 33.9 0l136 136c9.5 9.4 9.5 24.6.1 34zm192-34l-136-136c-9.4-9.4-24.6-9.4-33.9 0l-22.6 22.6c-9.4 9.4-9.4 24.6 0 33.9l96.4 96.4-96.4 96.4c-9.4 9.4-9.4 24.6 0 33.9l22.6 22.6c9.4 9.4 24.6 9.4 33.9 0l136-136c9.4-9.2 9.4-24.4 0-33.8z\"><\/path><\/svg>\r\n\t\t\t\t\t\t\t<\/span>\r\n\t\t\t\t\t\t\t\t\t\t\t<\/span>\r\n\r\n\t\t\t\t<\/a>\r\n\t\t\t<\/div>\r\n\t\t<\/div>\r\n\t\t\t\t<\/div>\n\t\t\t\t<\/div>\n\t\t\t\t\t<\/div>\n\t\t\t\t<\/div>\n\t\t\t\t\t<\/div>\n\t\t\t\t<\/div>\n\t\t\t\t<\/div>\n\t\t","protected":false},"excerpt":{"rendered":"<p>Visita un poblado Maasai en monte Meru Home &gt; Visita un poblado Maasai La tribu Maasai de Monte Meru Las tribus Maasai en Monte Meru, Arusha, siguen una vida centrada en el pastoreo n\u00f3mada, aunque algunas subtribus practican tambi\u00e9n la agricultura. Su econom\u00eda depende principalmente de las vacas, que les proporcionan leche, carne y productos [&hellip;]<\/p>\n","protected":false},"author":1,"featured_media":1333,"parent":0,"menu_order":0,"comment_status":"closed","ping_status":"closed","template":"elementor_header_footer","meta":{"_joinchat":[],"footnotes":""},"class_list":["post-1330","page","type-page","status-publish","has-post-thumbnail","hentry"],"yoast_head":"<!-- This site is optimized with the Yoast SEO Premium plugin v24.5 (Yoast SEO v24.6) - https:\/\/yoast.com\/wordpress\/plugins\/seo\/ -->\n<title>Visita un poblado Maasai en monte Meru - Sensation of Africa<\/title>\n<meta name=\"description\" content=\"Visita un poblado Maasai en Monte Meru, donde podr\u00e1s conocer su cultura y tradiciones en un entorno natural impresionante.\" \/>\n<meta name=\"robots\" content=\"index, follow, max-snippet:-1, max-image-preview:large, max-video-preview:-1\" \/>\n<link rel=\"canonical\" href=\"https:\/\/sensationofafrica.com\/es\/visita-un-poblado-maasai-en-monte-meru\/\" \/>\n<meta property=\"og:locale\" content=\"en_US\" \/>\n<meta property=\"og:type\" content=\"article\" \/>\n<meta property=\"og:title\" content=\"Visita un poblado Maasai en monte Meru\" \/>\n<meta property=\"og:description\" content=\"Visita un poblado Maasai en Monte Meru, donde podr\u00e1s conocer su cultura y tradiciones en un entorno natural impresionante.\" \/>\n<meta property=\"og:url\" content=\"https:\/\/sensationofafrica.com\/es\/visita-un-poblado-maasai-en-monte-meru\/\" \/>\n<meta property=\"og:site_name\" content=\"Sensation of Africa\" \/>\n<meta property=\"article:publisher\" content=\"https:\/\/www.facebook.com\/sensationofafrica\" \/>\n<meta property=\"article:modified_time\" content=\"2025-03-06T08:52:41+00:00\" \/>\n<meta property=\"og:image\" content=\"https:\/\/sensationofafrica.com\/es\/wp-content\/uploads\/2024\/11\/comunidad-en-monte-meru-1500x1125-1.jpg\" \/>\n\t<meta property=\"og:image:width\" content=\"1500\" \/>\n\t<meta property=\"og:image:height\" content=\"1125\" \/>\n\t<meta property=\"og:image:type\" content=\"image\/jpeg\" \/>\n<meta name=\"twitter:card\" content=\"summary_large_image\" \/>\n<meta name=\"twitter:label1\" content=\"Est. reading time\" \/>\n\t<meta name=\"twitter:data1\" content=\"3 minutes\" \/>\n<script type=\"application\/ld+json\" class=\"yoast-schema-graph\">{\"@context\":\"https:\/\/schema.org\",\"@graph\":[{\"@type\":\"WebPage\",\"@id\":\"https:\/\/sensationofafrica.com\/es\/visita-un-poblado-maasai-en-monte-meru\/\",\"url\":\"https:\/\/sensationofafrica.com\/es\/visita-un-poblado-maasai-en-monte-meru\/\",\"name\":\"Visita un poblado Maasai en monte Meru - Sensation of Africa\",\"isPartOf\":{\"@id\":\"https:\/\/sensationofafrica.com\/es\/#website\"},\"primaryImageOfPage\":{\"@id\":\"https:\/\/sensationofafrica.com\/es\/visita-un-poblado-maasai-en-monte-meru\/#primaryimage\"},\"image\":{\"@id\":\"https:\/\/sensationofafrica.com\/es\/visita-un-poblado-maasai-en-monte-meru\/#primaryimage\"},\"thumbnailUrl\":\"https:\/\/sensationofafrica.com\/es\/wp-content\/uploads\/2024\/11\/comunidad-en-monte-meru-1500x1125-1.jpg\",\"datePublished\":\"2024-11-19T11:54:06+00:00\",\"dateModified\":\"2025-03-06T08:52:41+00:00\",\"description\":\"Visita un poblado Maasai en Monte Meru, donde podr\u00e1s conocer su cultura y tradiciones en un entorno natural impresionante.\",\"breadcrumb\":{\"@id\":\"https:\/\/sensationofafrica.com\/es\/visita-un-poblado-maasai-en-monte-meru\/#breadcrumb\"},\"inLanguage\":\"en-US\",\"potentialAction\":[{\"@type\":\"ReadAction\",\"target\":[\"https:\/\/sensationofafrica.com\/es\/visita-un-poblado-maasai-en-monte-meru\/\"]}]},{\"@type\":\"ImageObject\",\"inLanguage\":\"en-US\",\"@id\":\"https:\/\/sensationofafrica.com\/es\/visita-un-poblado-maasai-en-monte-meru\/#primaryimage\",\"url\":\"https:\/\/sensationofafrica.com\/es\/wp-content\/uploads\/2024\/11\/comunidad-en-monte-meru-1500x1125-1.jpg\",\"contentUrl\":\"https:\/\/sensationofafrica.com\/es\/wp-content\/uploads\/2024\/11\/comunidad-en-monte-meru-1500x1125-1.jpg\",\"width\":1500,\"height\":1125,\"caption\":\"Maasai Tribus\"},{\"@type\":\"BreadcrumbList\",\"@id\":\"https:\/\/sensationofafrica.com\/es\/visita-un-poblado-maasai-en-monte-meru\/#breadcrumb\",\"itemListElement\":[{\"@type\":\"ListItem\",\"position\":1,\"name\":\"Home\",\"item\":\"https:\/\/sensationofafrica.com\/es\/\"},{\"@type\":\"ListItem\",\"position\":2,\"name\":\"Visita un poblado Maasai en monte Meru\"}]},{\"@type\":\"WebSite\",\"@id\":\"https:\/\/sensationofafrica.com\/es\/#website\",\"url\":\"https:\/\/sensationofafrica.com\/es\/\",\"name\":\"Sensation of Africa\",\"description\":\"Viajes a la Libertad Natural | Safaris en Tanzania | Senderismo en el Kilimanjaro | Vacaciones en la playa de Zanz\u00edbar\",\"publisher\":{\"@id\":\"https:\/\/sensationofafrica.com\/es\/#organization\"},\"potentialAction\":[{\"@type\":\"SearchAction\",\"target\":{\"@type\":\"EntryPoint\",\"urlTemplate\":\"https:\/\/sensationofafrica.com\/es\/?s={search_term_string}\"},\"query-input\":{\"@type\":\"PropertyValueSpecification\",\"valueRequired\":true,\"valueName\":\"search_term_string\"}}],\"inLanguage\":\"en-US\"},{\"@type\":\"Organization\",\"@id\":\"https:\/\/sensationofafrica.com\/es\/#organization\",\"name\":\"Sensation of Africa\",\"url\":\"https:\/\/sensationofafrica.com\/es\/\",\"logo\":{\"@type\":\"ImageObject\",\"inLanguage\":\"en-US\",\"@id\":\"https:\/\/sensationofafrica.com\/es\/#\/schema\/logo\/image\/\",\"url\":\"https:\/\/sensationofafrica.com\/es\/wp-content\/uploads\/2024\/05\/Logo-sensation.png\",\"contentUrl\":\"https:\/\/sensationofafrica.com\/es\/wp-content\/uploads\/2024\/05\/Logo-sensation.png\",\"width\":6688,\"height\":4470,\"caption\":\"Sensation of Africa\"},\"image\":{\"@id\":\"https:\/\/sensationofafrica.com\/es\/#\/schema\/logo\/image\/\"},\"sameAs\":[\"https:\/\/www.facebook.com\/sensationofafrica\",\"https:\/\/www.instagram.com\/sensationofafrica\/\",\"https:\/\/tz.linkedin.com\/company\/sensation-of-africa\",\"https:\/\/www.youtube.com\/channel\/UCDglL5NNAQUJ310spnRFHxA\"]}]}<\/script>\n<!-- \/ Yoast SEO Premium plugin. -->","yoast_head_json":{"title":"Visita un poblado Maasai en monte Meru - Sensation of Africa","description":"Visita un poblado Maasai en Monte Meru, donde podr\u00e1s conocer su cultura y tradiciones en un entorno natural impresionante.","robots":{"index":"index","follow":"follow","max-snippet":"max-snippet:-1","max-image-preview":"max-image-preview:large","max-video-preview":"max-video-preview:-1"},"canonical":"https:\/\/sensationofafrica.com\/es\/visita-un-poblado-maasai-en-monte-meru\/","og_locale":"en_US","og_type":"article","og_title":"Visita un poblado Maasai en monte Meru","og_description":"Visita un poblado Maasai en Monte Meru, donde podr\u00e1s conocer su cultura y tradiciones en un entorno natural impresionante.","og_url":"https:\/\/sensationofafrica.com\/es\/visita-un-poblado-maasai-en-monte-meru\/","og_site_name":"Sensation of Africa","article_publisher":"https:\/\/www.facebook.com\/sensationofafrica","article_modified_time":"2025-03-06T08:52:41+00:00","og_image":[{"width":1500,"height":1125,"url":"https:\/\/sensationofafrica.com\/es\/wp-content\/uploads\/2024\/11\/comunidad-en-monte-meru-1500x1125-1.jpg","type":"image\/jpeg"}],"twitter_card":"summary_large_image","twitter_misc":{"Est. reading time":"3 minutes"},"schema":{"@context":"https:\/\/schema.org","@graph":[{"@type":"WebPage","@id":"https:\/\/sensationofafrica.com\/es\/visita-un-poblado-maasai-en-monte-meru\/","url":"https:\/\/sensationofafrica.com\/es\/visita-un-poblado-maasai-en-monte-meru\/","name":"Visita un poblado Maasai en monte Meru - Sensation of Africa","isPartOf":{"@id":"https:\/\/sensationofafrica.com\/es\/#website"},"primaryImageOfPage":{"@id":"https:\/\/sensationofafrica.com\/es\/visita-un-poblado-maasai-en-monte-meru\/#primaryimage"},"image":{"@id":"https:\/\/sensationofafrica.com\/es\/visita-un-poblado-maasai-en-monte-meru\/#primaryimage"},"thumbnailUrl":"https:\/\/sensationofafrica.com\/es\/wp-content\/uploads\/2024\/11\/comunidad-en-monte-meru-1500x1125-1.jpg","datePublished":"2024-11-19T11:54:06+00:00","dateModified":"2025-03-06T08:52:41+00:00","description":"Visita un poblado Maasai en Monte Meru, donde podr\u00e1s conocer su cultura y tradiciones en un entorno natural impresionante.","breadcrumb":{"@id":"https:\/\/sensationofafrica.com\/es\/visita-un-poblado-maasai-en-monte-meru\/#breadcrumb"},"inLanguage":"en-US","potentialAction":[{"@type":"ReadAction","target":["https:\/\/sensationofafrica.com\/es\/visita-un-poblado-maasai-en-monte-meru\/"]}]},{"@type":"ImageObject","inLanguage":"en-US","@id":"https:\/\/sensationofafrica.com\/es\/visita-un-poblado-maasai-en-monte-meru\/#primaryimage","url":"https:\/\/sensationofafrica.com\/es\/wp-content\/uploads\/2024\/11\/comunidad-en-monte-meru-1500x1125-1.jpg","contentUrl":"https:\/\/sensationofafrica.com\/es\/wp-content\/uploads\/2024\/11\/comunidad-en-monte-meru-1500x1125-1.jpg","width":1500,"height":1125,"caption":"Maasai Tribus"},{"@type":"BreadcrumbList","@id":"https:\/\/sensationofafrica.com\/es\/visita-un-poblado-maasai-en-monte-meru\/#breadcrumb","itemListElement":[{"@type":"ListItem","position":1,"name":"Home","item":"https:\/\/sensationofafrica.com\/es\/"},{"@type":"ListItem","position":2,"name":"Visita un poblado Maasai en monte Meru"}]},{"@type":"WebSite","@id":"https:\/\/sensationofafrica.com\/es\/#website","url":"https:\/\/sensationofafrica.com\/es\/","name":"Sensation of Africa","description":"Viajes a la Libertad Natural | Safaris en Tanzania | Senderismo en el Kilimanjaro | Vacaciones en la playa de Zanz\u00edbar","publisher":{"@id":"https:\/\/sensationofafrica.com\/es\/#organization"},"potentialAction":[{"@type":"SearchAction","target":{"@type":"EntryPoint","urlTemplate":"https:\/\/sensationofafrica.com\/es\/?s={search_term_string}"},"query-input":{"@type":"PropertyValueSpecification","valueRequired":true,"valueName":"search_term_string"}}],"inLanguage":"en-US"},{"@type":"Organization","@id":"https:\/\/sensationofafrica.com\/es\/#organization","name":"Sensation of Africa","url":"https:\/\/sensationofafrica.com\/es\/","logo":{"@type":"ImageObject","inLanguage":"en-US","@id":"https:\/\/sensationofafrica.com\/es\/#\/schema\/logo\/image\/","url":"https:\/\/sensationofafrica.com\/es\/wp-content\/uploads\/2024\/05\/Logo-sensation.png","contentUrl":"https:\/\/sensationofafrica.com\/es\/wp-content\/uploads\/2024\/05\/Logo-sensation.png","width":6688,"height":4470,"caption":"Sensation of Africa"},"image":{"@id":"https:\/\/sensationofafrica.com\/es\/#\/schema\/logo\/image\/"},"sameAs":["https:\/\/www.facebook.com\/sensationofafrica","https:\/\/www.instagram.com\/sensationofafrica\/","https:\/\/tz.linkedin.com\/company\/sensation-of-africa","https:\/\/www.youtube.com\/channel\/UCDglL5NNAQUJ310spnRFHxA"]}]}},"_links":{"self":[{"href":"https:\/\/sensationofafrica.com\/es\/wp-json\/wp\/v2\/pages\/1330","targetHints":{"allow":["GET"]}}],"collection":[{"href":"https:\/\/sensationofafrica.com\/es\/wp-json\/wp\/v2\/pages"}],"about":[{"href":"https:\/\/sensationofafrica.com\/es\/wp-json\/wp\/v2\/types\/page"}],"author":[{"embeddable":true,"href":"https:\/\/sensationofafrica.com\/es\/wp-json\/wp\/v2\/users\/1"}],"replies":[{"embeddable":true,"href":"https:\/\/sensationofafrica.com\/es\/wp-json\/wp\/v2\/comments?post=1330"}],"version-history":[{"count":18,"href":"https:\/\/sensationofafrica.com\/es\/wp-json\/wp\/v2\/pages\/1330\/revisions"}],"predecessor-version":[{"id":7103,"href":"https:\/\/sensationofafrica.com\/es\/wp-json\/wp\/v2\/pages\/1330\/revisions\/7103"}],"wp:featuredmedia":[{"embeddable":true,"href":"https:\/\/sensationofafrica.com\/es\/wp-json\/wp\/v2\/media\/1333"}],"wp:attachment":[{"href":"https:\/\/sensationofafrica.com\/es\/wp-json\/wp\/v2\/media?parent=1330"}],"curies":[{"name":"wp","href":"https:\/\/api.w.org\/{rel}","templated":true}]}}