{"id":1241,"date":"2024-11-19T10:37:37","date_gmt":"2024-11-19T10:37:37","guid":{"rendered":"https:\/\/sensation.computersprings.com\/?page_id=1241"},"modified":"2025-03-03T17:08:25","modified_gmt":"2025-03-03T17:08:25","slug":"historia-y-monumentos","status":"publish","type":"page","link":"https:\/\/sensationofafrica.com\/es\/historia-y-monumentos\/","title":{"rendered":"Historia Y Monumentos"},"content":{"rendered":"\t\t<div data-elementor-type=\"wp-page\" data-elementor-id=\"1241\" class=\"elementor elementor-1241\" data-elementor-post-type=\"page\">\n\t\t\t\t<div class=\"elementor-element elementor-element-68dd5d59 e-flex e-con-boxed wpr-particle-no wpr-jarallax-no wpr-parallax-no wpr-sticky-section-no e-con e-parent\" data-id=\"68dd5d59\" data-element_type=\"container\" data-settings=\"{&quot;background_background&quot;:&quot;classic&quot;}\">\n\t\t\t\t\t<div class=\"e-con-inner\">\n\t\t\t\t<div class=\"elementor-element elementor-element-1e9150da elementor-widget elementor-widget-heading\" data-id=\"1e9150da\" data-element_type=\"widget\" data-widget_type=\"heading.default\">\n\t\t\t\t<div class=\"elementor-widget-container\">\n\t\t\t<style>\/*! elementor - v3.21.0 - 30-04-2024 *\/\n.elementor-heading-title{padding:0;margin:0;line-height:1}.elementor-widget-heading .elementor-heading-title[class*=elementor-size-]>a{color:inherit;font-size:inherit;line-height:inherit}.elementor-widget-heading .elementor-heading-title.elementor-size-small{font-size:15px}.elementor-widget-heading .elementor-heading-title.elementor-size-medium{font-size:19px}.elementor-widget-heading .elementor-heading-title.elementor-size-large{font-size:29px}.elementor-widget-heading .elementor-heading-title.elementor-size-xl{font-size:39px}.elementor-widget-heading .elementor-heading-title.elementor-size-xxl{font-size:59px}<\/style><h1 class=\"elementor-heading-title elementor-size-default\">Historia Y Monumentos<\/h1>\t\t<\/div>\n\t\t\t\t<\/div>\n\t\t\t\t<div class=\"elementor-element elementor-element-2d490472 elementor-widget elementor-widget-heading\" data-id=\"2d490472\" data-element_type=\"widget\" data-widget_type=\"heading.default\">\n\t\t\t\t<div class=\"elementor-widget-container\">\n\t\t\t<h2 class=\"elementor-heading-title elementor-size-default\">Home > Historia Y Monumentos<\/h2>\t\t<\/div>\n\t\t\t\t<\/div>\n\t\t\t\t\t<\/div>\n\t\t\t\t<\/div>\n\t\t<div class=\"elementor-element elementor-element-10e0fd5f e-flex e-con-boxed wpr-particle-no wpr-jarallax-no wpr-parallax-no wpr-sticky-section-no e-con e-parent\" data-id=\"10e0fd5f\" data-element_type=\"container\">\n\t\t\t\t\t<div class=\"e-con-inner\">\n\t\t<div class=\"elementor-element elementor-element-eeb1c74 e-flex e-con-boxed wpr-particle-no wpr-jarallax-no wpr-parallax-no wpr-sticky-section-no elementor-invisible e-con e-child\" data-id=\"eeb1c74\" data-element_type=\"container\" data-settings=\"{&quot;animation&quot;:&quot;slideInRight&quot;}\">\n\t\t\t\t\t<div class=\"e-con-inner\">\n\t\t\t\t<div class=\"elementor-element elementor-element-4065e05f elementor-widget elementor-widget-text-editor\" data-id=\"4065e05f\" data-element_type=\"widget\" data-widget_type=\"text-editor.default\">\n\t\t\t\t<div class=\"elementor-widget-container\">\n\t\t\t<style>\/*! elementor - v3.21.0 - 30-04-2024 *\/\n.elementor-widget-text-editor.elementor-drop-cap-view-stacked .elementor-drop-cap{background-color:#69727d;color:#fff}.elementor-widget-text-editor.elementor-drop-cap-view-framed .elementor-drop-cap{color:#69727d;border:3px solid;background-color:transparent}.elementor-widget-text-editor:not(.elementor-drop-cap-view-default) .elementor-drop-cap{margin-top:8px}.elementor-widget-text-editor:not(.elementor-drop-cap-view-default) .elementor-drop-cap-letter{width:1em;height:1em}.elementor-widget-text-editor .elementor-drop-cap{float:left;text-align:center;line-height:1;font-size:50px}.elementor-widget-text-editor .elementor-drop-cap-letter{display:inline-block}<\/style>\t\t\t\t<ul><li><strong>Museo de Arusha<\/strong>: En nuestra visita al Museo Arusha (Centro de Patrimonio Cultural) aprenderemos mucho sobre la historia de Tanzania con un\u00a0 taller de historia, cultura y moral en Tanzania. Hablaremos sobre la evoluci\u00f3n del hombre y tambi\u00e9n visitaremos la antigua\u00a0<em>boma<\/em>\u00a0(casa) alemana y una galer\u00eda de arte y artesan\u00eda local.<\/li><li><strong>Ruta por la ciudad de Arusha<\/strong>: Cuando realice un recorrido por la ciudad de Arusha, seguramente pasar\u00e1 y se detendr\u00e1 en la Torre del Reloj, que se supone que est\u00e1 situada en el punto medio entre El Cairo y Ciudad del Cabo en Sud\u00e1frica.<\/li><\/ul>\t\t\t\t\t\t<\/div>\n\t\t\t\t<\/div>\n\t\t\t\t<div class=\"elementor-element elementor-element-ca11950 elementor-widget elementor-widget-image\" data-id=\"ca11950\" data-element_type=\"widget\" data-widget_type=\"image.default\">\n\t\t\t\t<div class=\"elementor-widget-container\">\n\t\t\t<style>\/*! elementor - v3.21.0 - 30-04-2024 *\/\n.elementor-widget-image{text-align:center}.elementor-widget-image a{display:inline-block}.elementor-widget-image a img[src$=\".svg\"]{width:48px}.elementor-widget-image img{vertical-align:middle;display:inline-block}<\/style>\t\t\t\t\t\t\t\t\t\t<img fetchpriority=\"high\" decoding=\"async\" width=\"1500\" height=\"630\" src=\"https:\/\/sensationofafrica.com\/es\/wp-content\/uploads\/2024\/11\/historia-y-monumentos-ruta-por-arusha-1500x630-1.jpg\" class=\"attachment-full size-full wp-image-1244\" alt=\"\" srcset=\"https:\/\/sensationofafrica.com\/es\/wp-content\/uploads\/2024\/11\/historia-y-monumentos-ruta-por-arusha-1500x630-1.jpg 1500w, https:\/\/sensationofafrica.com\/es\/wp-content\/uploads\/2024\/11\/historia-y-monumentos-ruta-por-arusha-1500x630-1-300x126.jpg 300w, https:\/\/sensationofafrica.com\/es\/wp-content\/uploads\/2024\/11\/historia-y-monumentos-ruta-por-arusha-1500x630-1-1024x430.jpg 1024w, https:\/\/sensationofafrica.com\/es\/wp-content\/uploads\/2024\/11\/historia-y-monumentos-ruta-por-arusha-1500x630-1-768x323.jpg 768w\" sizes=\"(max-width: 1500px) 100vw, 1500px\" \/>\t\t\t\t\t\t\t\t\t\t\t\t\t<\/div>\n\t\t\t\t<\/div>\n\t\t\t\t<div class=\"elementor-element elementor-element-4462309 elementor-widget elementor-widget-text-editor\" data-id=\"4462309\" data-element_type=\"widget\" data-widget_type=\"text-editor.default\">\n\t\t\t\t<div class=\"elementor-widget-container\">\n\t\t\t\t\t\t\t<ul><li>El Monumento a la Declaraci\u00f3n de Arusha (Mnara wa Azimio la Arusha) es un monumento emblem\u00e1tico ubicado en la carretera Makongoro de la ciudad de Arusha, que tambi\u00e9n es una atracci\u00f3n tur\u00edstica. Fue presentado en 1977 por el partido pol\u00edtico CCm (que tambi\u00e9n es el partido de la naci\u00f3n) para conmemorar los diez a\u00f1os de la Declaraci\u00f3n de Arusha.<\/li><li><strong>Bagamoyo<\/strong>: museo, iglesia, antiguo fuerte. Esta es una ciudad que se encontr\u00f3 en el siglo VIII. Fue la capital de \u00c1frica Oriental Alemana y fue uno de los puertos comerciales importantes de la costa este de \u00c1frica a lo largo del oeste del oc\u00e9ano \u00cdndico.<\/li><\/ul>\t\t\t\t\t\t<\/div>\n\t\t\t\t<\/div>\n\t\t\t\t<div class=\"elementor-element elementor-element-129723a elementor-widget elementor-widget-image\" data-id=\"129723a\" data-element_type=\"widget\" data-widget_type=\"image.default\">\n\t\t\t\t<div class=\"elementor-widget-container\">\n\t\t\t\t\t\t\t\t\t\t\t\t\t<img decoding=\"async\" width=\"1981\" height=\"1415\" src=\"https:\/\/sensationofafrica.com\/es\/wp-content\/uploads\/2024\/11\/146333-lazy-lagoon-bagamoyo.jpg\" class=\"attachment-full size-full wp-image-1251\" alt=\"\" srcset=\"https:\/\/sensationofafrica.com\/es\/wp-content\/uploads\/2024\/11\/146333-lazy-lagoon-bagamoyo.jpg 1981w, https:\/\/sensationofafrica.com\/es\/wp-content\/uploads\/2024\/11\/146333-lazy-lagoon-bagamoyo-300x214.jpg 300w, https:\/\/sensationofafrica.com\/es\/wp-content\/uploads\/2024\/11\/146333-lazy-lagoon-bagamoyo-1024x731.jpg 1024w, https:\/\/sensationofafrica.com\/es\/wp-content\/uploads\/2024\/11\/146333-lazy-lagoon-bagamoyo-768x549.jpg 768w, https:\/\/sensationofafrica.com\/es\/wp-content\/uploads\/2024\/11\/146333-lazy-lagoon-bagamoyo-1536x1097.jpg 1536w\" sizes=\"(max-width: 1981px) 100vw, 1981px\" \/>\t\t\t\t\t\t\t\t\t\t\t\t\t<\/div>\n\t\t\t\t<\/div>\n\t\t\t\t<div class=\"elementor-element elementor-element-c0d0ce0 elementor-widget elementor-widget-text-editor\" data-id=\"c0d0ce0\" data-element_type=\"widget\" data-widget_type=\"text-editor.default\">\n\t\t\t\t<div class=\"elementor-widget-container\">\n\t\t\t\t\t\t\t<ul><li><strong>Iglesia y museo hist\u00f3ricos cat\u00f3licos de Bagamoyo:<\/strong>\u00a0muestran la historia del trabajo misionero y la conversi\u00f3n al cristianismo; libros y folletos sobre la historia de Bagamoyo; marcos de puertas indios y \u00e1rabes; grilletes, cadenas y l\u00e1tigos utilizados durante el comercio de esclavos y mucha artesan\u00eda local de madera.<\/li><li><strong>Museo de la Garganta de Olduvai<\/strong>\u00a0o de\u00a0<strong>Oldupai<\/strong>\u00a0(actividad opcional durante tu safari por Ngorongoro): la garganta est\u00e1 ubicada al\u00a0<a href=\"https:\/\/es.wikipedia.org\/wiki\/Este\">este<\/a>\u00a0del\u00a0<a href=\"https:\/\/es.wikipedia.org\/wiki\/Parque_nacional_Serengueti\">Serengueti<\/a>, dentro del\u00a0<a href=\"https:\/\/es.wikipedia.org\/wiki\/Gran_Valle_del_Rift\">Gran Valle del Rift<\/a>. Es uno de los lugares m\u00e1s importantes en el este de\u00a0<a href=\"https:\/\/es.wikipedia.org\/wiki\/%C3%81frica\">\u00c1frica<\/a>\u00a0en relaci\u00f3n a\u00a0<a href=\"https:\/\/es.wikipedia.org\/wiki\/Yacimiento_%28paleontolog%C3%ADa%29\">yacimientos<\/a>\u00a0<a href=\"https:\/\/es.wikipedia.org\/wiki\/Paleontolog%C3%ADa\">paleontol\u00f3gicos<\/a>\u00a0y\u00a0<a href=\"https:\/\/es.wikipedia.org\/wiki\/Yacimiento_%28arqueolog%C3%ADa%29\">arqueol\u00f3gicos prehist\u00f3ricos<\/a>. Su museo presenta exposiciones relativas a la historia de la garganta y a la\u00a0<a href=\"https:\/\/es.wikipedia.org\/wiki\/Evoluci%C3%B3n_humana\">evoluci\u00f3n humana<\/a>.<\/li><\/ul>\t\t\t\t\t\t<\/div>\n\t\t\t\t<\/div>\n\t\t\t\t<div class=\"elementor-element elementor-element-b17a7e6 elementor-widget elementor-widget-image\" data-id=\"b17a7e6\" data-element_type=\"widget\" data-widget_type=\"image.default\">\n\t\t\t\t<div class=\"elementor-widget-container\">\n\t\t\t\t\t\t\t\t\t\t\t\t\t<img decoding=\"async\" width=\"1024\" height=\"630\" src=\"https:\/\/sensationofafrica.com\/es\/wp-content\/uploads\/2024\/11\/garganta-de-Olduvai-Ngorongoro-1024x630-1.jpg\" class=\"attachment-full size-full wp-image-1264\" alt=\"\" srcset=\"https:\/\/sensationofafrica.com\/es\/wp-content\/uploads\/2024\/11\/garganta-de-Olduvai-Ngorongoro-1024x630-1.jpg 1024w, https:\/\/sensationofafrica.com\/es\/wp-content\/uploads\/2024\/11\/garganta-de-Olduvai-Ngorongoro-1024x630-1-300x185.jpg 300w, https:\/\/sensationofafrica.com\/es\/wp-content\/uploads\/2024\/11\/garganta-de-Olduvai-Ngorongoro-1024x630-1-768x473.jpg 768w\" sizes=\"(max-width: 1024px) 100vw, 1024px\" \/>\t\t\t\t\t\t\t\t\t\t\t\t\t<\/div>\n\t\t\t\t<\/div>\n\t\t\t\t\t<\/div>\n\t\t\t\t<\/div>\n\t\t\t\t\t<\/div>\n\t\t\t\t<\/div>\n\t\t\t\t<\/div>\n\t\t","protected":false},"excerpt":{"rendered":"<p>Historia Y Monumentos Home &gt; Historia Y Monumentos Museo de Arusha: En nuestra visita al Museo Arusha (Centro de Patrimonio Cultural) aprenderemos mucho sobre la historia de Tanzania con un\u00a0 taller de historia, cultura y moral en Tanzania. Hablaremos sobre la evoluci\u00f3n del hombre y tambi\u00e9n visitaremos la antigua\u00a0boma\u00a0(casa) alemana y una galer\u00eda de arte [&hellip;]<\/p>\n","protected":false},"author":1,"featured_media":1244,"parent":0,"menu_order":0,"comment_status":"closed","ping_status":"closed","template":"elementor_header_footer","meta":{"_joinchat":[],"footnotes":""},"class_list":["post-1241","page","type-page","status-publish","has-post-thumbnail","hentry"],"yoast_head":"<!-- This site is optimized with the Yoast SEO Premium plugin v24.5 (Yoast SEO v24.6) - https:\/\/yoast.com\/wordpress\/plugins\/seo\/ -->\n<title>Historia Y Monumentos - Sensation of Africa<\/title>\n<meta name=\"description\" content=\"Historia Y Monumentos En nuestra visita al Museo Arusha (Centro de Patrimonio Cultural) aprenderemos mucho sobre la historia de Tanzania con un taller de historia, cultura y moral en Tanzania.\" \/>\n<meta name=\"robots\" content=\"index, follow, max-snippet:-1, max-image-preview:large, max-video-preview:-1\" \/>\n<link rel=\"canonical\" href=\"https:\/\/sensationofafrica.com\/es\/historia-y-monumentos\/\" \/>\n<meta property=\"og:locale\" content=\"en_US\" \/>\n<meta property=\"og:type\" content=\"article\" \/>\n<meta property=\"og:title\" content=\"Historia Y Monumentos\" \/>\n<meta property=\"og:description\" content=\"Historia Y Monumentos En nuestra visita al Museo Arusha (Centro de Patrimonio Cultural) aprenderemos mucho sobre la historia de Tanzania con un taller de historia, cultura y moral en Tanzania.\" \/>\n<meta property=\"og:url\" content=\"https:\/\/sensationofafrica.com\/es\/historia-y-monumentos\/\" \/>\n<meta property=\"og:site_name\" content=\"Sensation of Africa\" \/>\n<meta property=\"article:publisher\" content=\"https:\/\/www.facebook.com\/sensationofafrica\" \/>\n<meta property=\"article:modified_time\" content=\"2025-03-03T17:08:25+00:00\" \/>\n<meta property=\"og:image\" content=\"https:\/\/sensationofafrica.com\/es\/wp-content\/uploads\/2024\/11\/historia-y-monumentos-ruta-por-arusha-1500x630-1.jpg\" \/>\n\t<meta property=\"og:image:width\" content=\"1500\" \/>\n\t<meta property=\"og:image:height\" content=\"630\" \/>\n\t<meta property=\"og:image:type\" content=\"image\/jpeg\" \/>\n<meta name=\"twitter:card\" content=\"summary_large_image\" \/>\n<meta name=\"twitter:label1\" content=\"Est. reading time\" \/>\n\t<meta name=\"twitter:data1\" content=\"3 minutes\" \/>\n<script type=\"application\/ld+json\" class=\"yoast-schema-graph\">{\"@context\":\"https:\/\/schema.org\",\"@graph\":[{\"@type\":\"WebPage\",\"@id\":\"https:\/\/sensationofafrica.com\/es\/historia-y-monumentos\/\",\"url\":\"https:\/\/sensationofafrica.com\/es\/historia-y-monumentos\/\",\"name\":\"Historia Y Monumentos - Sensation of Africa\",\"isPartOf\":{\"@id\":\"https:\/\/sensationofafrica.com\/es\/#website\"},\"primaryImageOfPage\":{\"@id\":\"https:\/\/sensationofafrica.com\/es\/historia-y-monumentos\/#primaryimage\"},\"image\":{\"@id\":\"https:\/\/sensationofafrica.com\/es\/historia-y-monumentos\/#primaryimage\"},\"thumbnailUrl\":\"https:\/\/sensationofafrica.com\/es\/wp-content\/uploads\/2024\/11\/historia-y-monumentos-ruta-por-arusha-1500x630-1.jpg\",\"datePublished\":\"2024-11-19T10:37:37+00:00\",\"dateModified\":\"2025-03-03T17:08:25+00:00\",\"description\":\"Historia Y Monumentos En nuestra visita al Museo Arusha (Centro de Patrimonio Cultural) aprenderemos mucho sobre la historia de Tanzania con un taller de historia, cultura y moral en Tanzania.\",\"breadcrumb\":{\"@id\":\"https:\/\/sensationofafrica.com\/es\/historia-y-monumentos\/#breadcrumb\"},\"inLanguage\":\"en-US\",\"potentialAction\":[{\"@type\":\"ReadAction\",\"target\":[\"https:\/\/sensationofafrica.com\/es\/historia-y-monumentos\/\"]}]},{\"@type\":\"ImageObject\",\"inLanguage\":\"en-US\",\"@id\":\"https:\/\/sensationofafrica.com\/es\/historia-y-monumentos\/#primaryimage\",\"url\":\"https:\/\/sensationofafrica.com\/es\/wp-content\/uploads\/2024\/11\/historia-y-monumentos-ruta-por-arusha-1500x630-1.jpg\",\"contentUrl\":\"https:\/\/sensationofafrica.com\/es\/wp-content\/uploads\/2024\/11\/historia-y-monumentos-ruta-por-arusha-1500x630-1.jpg\",\"width\":1500,\"height\":630},{\"@type\":\"BreadcrumbList\",\"@id\":\"https:\/\/sensationofafrica.com\/es\/historia-y-monumentos\/#breadcrumb\",\"itemListElement\":[{\"@type\":\"ListItem\",\"position\":1,\"name\":\"Home\",\"item\":\"https:\/\/sensationofafrica.com\/es\/\"},{\"@type\":\"ListItem\",\"position\":2,\"name\":\"Historia Y Monumentos\"}]},{\"@type\":\"WebSite\",\"@id\":\"https:\/\/sensationofafrica.com\/es\/#website\",\"url\":\"https:\/\/sensationofafrica.com\/es\/\",\"name\":\"Sensation of Africa\",\"description\":\"Viajes a la Libertad Natural | Safaris en Tanzania | Senderismo en el Kilimanjaro | Vacaciones en la playa de Zanz\u00edbar\",\"publisher\":{\"@id\":\"https:\/\/sensationofafrica.com\/es\/#organization\"},\"potentialAction\":[{\"@type\":\"SearchAction\",\"target\":{\"@type\":\"EntryPoint\",\"urlTemplate\":\"https:\/\/sensationofafrica.com\/es\/?s={search_term_string}\"},\"query-input\":{\"@type\":\"PropertyValueSpecification\",\"valueRequired\":true,\"valueName\":\"search_term_string\"}}],\"inLanguage\":\"en-US\"},{\"@type\":\"Organization\",\"@id\":\"https:\/\/sensationofafrica.com\/es\/#organization\",\"name\":\"Sensation of Africa\",\"url\":\"https:\/\/sensationofafrica.com\/es\/\",\"logo\":{\"@type\":\"ImageObject\",\"inLanguage\":\"en-US\",\"@id\":\"https:\/\/sensationofafrica.com\/es\/#\/schema\/logo\/image\/\",\"url\":\"https:\/\/sensationofafrica.com\/es\/wp-content\/uploads\/2024\/05\/Logo-sensation.png\",\"contentUrl\":\"https:\/\/sensationofafrica.com\/es\/wp-content\/uploads\/2024\/05\/Logo-sensation.png\",\"width\":6688,\"height\":4470,\"caption\":\"Sensation of Africa\"},\"image\":{\"@id\":\"https:\/\/sensationofafrica.com\/es\/#\/schema\/logo\/image\/\"},\"sameAs\":[\"https:\/\/www.facebook.com\/sensationofafrica\",\"https:\/\/www.instagram.com\/sensationofafrica\/\",\"https:\/\/tz.linkedin.com\/company\/sensation-of-africa\",\"https:\/\/www.youtube.com\/channel\/UCDglL5NNAQUJ310spnRFHxA\"]}]}<\/script>\n<!-- \/ Yoast SEO Premium plugin. -->","yoast_head_json":{"title":"Historia Y Monumentos - Sensation of Africa","description":"Historia Y Monumentos En nuestra visita al Museo Arusha (Centro de Patrimonio Cultural) aprenderemos mucho sobre la historia de Tanzania con un taller de historia, cultura y moral en Tanzania.","robots":{"index":"index","follow":"follow","max-snippet":"max-snippet:-1","max-image-preview":"max-image-preview:large","max-video-preview":"max-video-preview:-1"},"canonical":"https:\/\/sensationofafrica.com\/es\/historia-y-monumentos\/","og_locale":"en_US","og_type":"article","og_title":"Historia Y Monumentos","og_description":"Historia Y Monumentos En nuestra visita al Museo Arusha (Centro de Patrimonio Cultural) aprenderemos mucho sobre la historia de Tanzania con un taller de historia, cultura y moral en Tanzania.","og_url":"https:\/\/sensationofafrica.com\/es\/historia-y-monumentos\/","og_site_name":"Sensation of Africa","article_publisher":"https:\/\/www.facebook.com\/sensationofafrica","article_modified_time":"2025-03-03T17:08:25+00:00","og_image":[{"width":1500,"height":630,"url":"https:\/\/sensationofafrica.com\/es\/wp-content\/uploads\/2024\/11\/historia-y-monumentos-ruta-por-arusha-1500x630-1.jpg","type":"image\/jpeg"}],"twitter_card":"summary_large_image","twitter_misc":{"Est. reading time":"3 minutes"},"schema":{"@context":"https:\/\/schema.org","@graph":[{"@type":"WebPage","@id":"https:\/\/sensationofafrica.com\/es\/historia-y-monumentos\/","url":"https:\/\/sensationofafrica.com\/es\/historia-y-monumentos\/","name":"Historia Y Monumentos - Sensation of Africa","isPartOf":{"@id":"https:\/\/sensationofafrica.com\/es\/#website"},"primaryImageOfPage":{"@id":"https:\/\/sensationofafrica.com\/es\/historia-y-monumentos\/#primaryimage"},"image":{"@id":"https:\/\/sensationofafrica.com\/es\/historia-y-monumentos\/#primaryimage"},"thumbnailUrl":"https:\/\/sensationofafrica.com\/es\/wp-content\/uploads\/2024\/11\/historia-y-monumentos-ruta-por-arusha-1500x630-1.jpg","datePublished":"2024-11-19T10:37:37+00:00","dateModified":"2025-03-03T17:08:25+00:00","description":"Historia Y Monumentos En nuestra visita al Museo Arusha (Centro de Patrimonio Cultural) aprenderemos mucho sobre la historia de Tanzania con un taller de historia, cultura y moral en Tanzania.","breadcrumb":{"@id":"https:\/\/sensationofafrica.com\/es\/historia-y-monumentos\/#breadcrumb"},"inLanguage":"en-US","potentialAction":[{"@type":"ReadAction","target":["https:\/\/sensationofafrica.com\/es\/historia-y-monumentos\/"]}]},{"@type":"ImageObject","inLanguage":"en-US","@id":"https:\/\/sensationofafrica.com\/es\/historia-y-monumentos\/#primaryimage","url":"https:\/\/sensationofafrica.com\/es\/wp-content\/uploads\/2024\/11\/historia-y-monumentos-ruta-por-arusha-1500x630-1.jpg","contentUrl":"https:\/\/sensationofafrica.com\/es\/wp-content\/uploads\/2024\/11\/historia-y-monumentos-ruta-por-arusha-1500x630-1.jpg","width":1500,"height":630},{"@type":"BreadcrumbList","@id":"https:\/\/sensationofafrica.com\/es\/historia-y-monumentos\/#breadcrumb","itemListElement":[{"@type":"ListItem","position":1,"name":"Home","item":"https:\/\/sensationofafrica.com\/es\/"},{"@type":"ListItem","position":2,"name":"Historia Y Monumentos"}]},{"@type":"WebSite","@id":"https:\/\/sensationofafrica.com\/es\/#website","url":"https:\/\/sensationofafrica.com\/es\/","name":"Sensation of Africa","description":"Viajes a la Libertad Natural | Safaris en Tanzania | Senderismo en el Kilimanjaro | Vacaciones en la playa de Zanz\u00edbar","publisher":{"@id":"https:\/\/sensationofafrica.com\/es\/#organization"},"potentialAction":[{"@type":"SearchAction","target":{"@type":"EntryPoint","urlTemplate":"https:\/\/sensationofafrica.com\/es\/?s={search_term_string}"},"query-input":{"@type":"PropertyValueSpecification","valueRequired":true,"valueName":"search_term_string"}}],"inLanguage":"en-US"},{"@type":"Organization","@id":"https:\/\/sensationofafrica.com\/es\/#organization","name":"Sensation of Africa","url":"https:\/\/sensationofafrica.com\/es\/","logo":{"@type":"ImageObject","inLanguage":"en-US","@id":"https:\/\/sensationofafrica.com\/es\/#\/schema\/logo\/image\/","url":"https:\/\/sensationofafrica.com\/es\/wp-content\/uploads\/2024\/05\/Logo-sensation.png","contentUrl":"https:\/\/sensationofafrica.com\/es\/wp-content\/uploads\/2024\/05\/Logo-sensation.png","width":6688,"height":4470,"caption":"Sensation of Africa"},"image":{"@id":"https:\/\/sensationofafrica.com\/es\/#\/schema\/logo\/image\/"},"sameAs":["https:\/\/www.facebook.com\/sensationofafrica","https:\/\/www.instagram.com\/sensationofafrica\/","https:\/\/tz.linkedin.com\/company\/sensation-of-africa","https:\/\/www.youtube.com\/channel\/UCDglL5NNAQUJ310spnRFHxA"]}]}},"_links":{"self":[{"href":"https:\/\/sensationofafrica.com\/es\/wp-json\/wp\/v2\/pages\/1241","targetHints":{"allow":["GET"]}}],"collection":[{"href":"https:\/\/sensationofafrica.com\/es\/wp-json\/wp\/v2\/pages"}],"about":[{"href":"https:\/\/sensationofafrica.com\/es\/wp-json\/wp\/v2\/types\/page"}],"author":[{"embeddable":true,"href":"https:\/\/sensationofafrica.com\/es\/wp-json\/wp\/v2\/users\/1"}],"replies":[{"embeddable":true,"href":"https:\/\/sensationofafrica.com\/es\/wp-json\/wp\/v2\/comments?post=1241"}],"version-history":[{"count":29,"href":"https:\/\/sensationofafrica.com\/es\/wp-json\/wp\/v2\/pages\/1241\/revisions"}],"predecessor-version":[{"id":6746,"href":"https:\/\/sensationofafrica.com\/es\/wp-json\/wp\/v2\/pages\/1241\/revisions\/6746"}],"wp:featuredmedia":[{"embeddable":true,"href":"https:\/\/sensationofafrica.com\/es\/wp-json\/wp\/v2\/media\/1244"}],"wp:attachment":[{"href":"https:\/\/sensationofafrica.com\/es\/wp-json\/wp\/v2\/media?parent=1241"}],"curies":[{"name":"wp","href":"https:\/\/api.w.org\/{rel}","templated":true}]}}